{"id":571,"date":"2018-01-17T02:27:51","date_gmt":"2018-01-17T02:27:51","guid":{"rendered":"http:\/\/www.kaortho.com\/soins-durgence\/"},"modified":"2018-04-05T02:40:47","modified_gmt":"2018-04-05T02:40:47","slug":"soins-durgence","status":"publish","type":"page","link":"https:\/\/www.kaortho.com\/fr\/soins-durgence\/","title":{"rendered":"Soins d&rsquo;urgence"},"content":{"rendered":"<div class=\"wpb-content-wrapper\"><p>[vc_row css_animation=\u00a0\u00bb\u00a0\u00bb row_type=\u00a0\u00bbrow\u00a0\u00bb use_row_as_full_screen_section=\u00a0\u00bbno\u00a0\u00bb type=\u00a0\u00bbfull_width\u00a0\u00bb angled_section=\u00a0\u00bbno\u00a0\u00bb text_align=\u00a0\u00bbleft\u00a0\u00bb background_image_as_pattern=\u00a0\u00bbwithout_pattern\u00a0\u00bb][vc_column][vc_row_inner row_type=\u00a0\u00bbrow\u00a0\u00bb type=\u00a0\u00bbfull_width\u00a0\u00bb text_align=\u00a0\u00bbleft\u00a0\u00bb css_animation=\u00a0\u00bb\u00a0\u00bb][vc_column_inner width=\u00a0\u00bb2\/3&Prime;][vc_column_text]<\/p>\n<h2>Chaque jour, nous r\u00e9servons une plage horaire limit\u00e9e pour r\u00e9pondre aux urgences. Si vous \u00eates confront\u00e9 \u00e0 une situation d&rsquo;incomfort, nous vous invitons \u00e0 nous t\u00e9l\u00e9phoner sans plus tarder. Nous nous empresserons de vous fournir les soins n\u00e9cessaires dans les plus brefs d\u00e9lais.<\/h2>\n<p>[\/vc_column_text][vc_empty_space][\/vc_column_inner][vc_column_inner width=\u00a0\u00bb1\/3&Prime;][vc_single_image image=\u00a0\u00bb610&Prime; img_size=\u00a0\u00bbmedium\u00a0\u00bb alignment=\u00a0\u00bbcenter\u00a0\u00bb qode_css_animation=\u00a0\u00bb\u00a0\u00bb][\/vc_column_inner][\/vc_row_inner][vc_column_text]<\/p>\n<h3 class=\"font_title\">Irritation due aux fils<\/h3>\n<p>Si un fil de votre appareil vous cause une irritation, essayez de le repousser hors de la zone irrit\u00e9e en utilisant l&rsquo;efface d&rsquo;un crayon ou un coton-tige. Si le fil ne peut pas \u00eatre cach\u00e9\/repouss\u00e9, recouvrez son extr\u00e9mit\u00e9 \u00e0 l&rsquo;aide d&rsquo;un petit morceau de cire, d&rsquo;une ouate ou de chewing-gum et ce, jusqu&rsquo;\u00e0 votre arriv\u00e9e \u00e0 la clinique. Couper le fil ne devrait \u00eatre fait qu\u2019en\u00a0 dernier recours, soit uniquement si notre \u00e9quipe n&rsquo;est pas en mesure de vous r\u00e9pondre.[\/vc_column_text][vc_empty_space][vc_column_text]<\/p>\n<h3 class=\"font_title\">Instructions en cas de perte de s\u00e9parateur<\/h3>\n<p>Il arrive que certains patients perdent leur s\u00e9parateur pendant la conception de l\u2019appareil orthodontique. Si toutefois une telle situation vous arrivait, veuillez communiquer avec nous avant votre prochain rendez-vous afin que nous puissions le remplacer. Le s\u00e9parateur doit obligatoirement \u00eatre port\u00e9 un certain laps de temps avant la mise en bouche de l&rsquo;appareil.[\/vc_column_text][vc_empty_space][vc_column_text]<\/p>\n<h3 class=\"font_title\">Instructions en cas de perte d&rsquo;un bo\u00eetier ou de bo\u00eetier instable<\/h3>\n<p>La perte d&rsquo;un bo\u00eetier ou un bo\u00eetier instable peut se traduire par un d\u00e9lai avant de pouvoir entamer le traitement d&rsquo;orthodontie.\u00a0 Pour \u00e9viter que les dents ne se d\u00e9placent au mauvais endroit,\u00a0 il est imp\u00e9ratif de remplacer tout bo\u00eetier perdu ou ab\u00eem\u00e9. Si vous n\u00e9gligez de le faire, vous risquez de prolonger la dur\u00e9e de votre traitement.[\/vc_column_text][vc_empty_space][vc_single_image image=\u00a0\u00bb637&Prime; img_size=\u00a0\u00bbfull\u00a0\u00bb alignment=\u00a0\u00bbcenter\u00a0\u00bb qode_css_animation=\u00a0\u00bb\u00a0\u00bb][vc_empty_space][vc_column_text]<\/p>\n<h3 class=\"font_title\">Instructions en cas de perte ou de bris d&rsquo;appareils amovibles<\/h3>\n<p>En cas de perte ou de bris de retainer le jour de votre rendez-vous \u00e0 notre clinique, veuillez communiquer imm\u00e9diatement avec nous afin que nous fixions un rendez-vous avec le laboratoire. On cr\u00e9era une copie de votre appareil amovible avant de poursuivre votre traitement d&rsquo;orthodontie. L&rsquo;appareil amovible est essentiel pour rediriger vos dents vers la position souhait\u00e9e. En d&rsquo;autres mots, les appareils amovibles sont aussi importants que les broches pour l&rsquo;efficacit\u00e9 du traitement. Avisez-nous imm\u00e9diatement si vous devez remplacer un appareil amovible perdu ou endommag\u00e9. Ceci nous permettra de planifier le temps requis pour rectifier le tout.[\/vc_column_text][vc_empty_space][vc_column_text]<\/p>\n<h3 class=\"font_title\">Instructions pour soulager l&rsquo;inconfort li\u00e9 au traitement<\/h3>\n<p>La majorit\u00e9 des patients ressentent un inconfort la semaine suivant la pose de leurs broches ou suite aux ajustements. Pour vous soulager, nous recommandons l&rsquo;aspirine, un anti-douleur ou l&rsquo;Ibuprofen. Si l&rsquo;articulation de votre m\u00e2choire est endolorie par la friction occasionn\u00e9e par vos broches, tentez d&rsquo;appliquer une l\u00e9g\u00e8re pression \u00e0 l&rsquo;aide d&rsquo;une compresse chaude et humide ou un morceau de tissu aseptis\u00e9 \u00e0 l&rsquo;endroit d\u00e9sign\u00e9. L&rsquo;inconfort peut durer pendant deux ou trois jours apr\u00e8s la pose de vos appareils orthodontiques ou suite aux ajustements. Vous rincer la bouche avec de l&rsquo;eau ti\u00e8de saline peut r\u00e9duire la douleur de vos gencives. Optez pour de la nourriture molle jusqu&rsquo;\u00e0 ce que vous vous sentiez mieux. Si toutefois la douleur persistait, veuillez nous en aviser.[\/vc_column_text][vc_empty_space][\/vc_column][\/vc_row]<\/p>\n<\/div>","protected":false},"excerpt":{"rendered":"<p>[vc_row css_animation=\u00a0\u00bb\u00a0\u00bb row_type=\u00a0\u00bbrow\u00a0\u00bb use_row_as_full_screen_section=\u00a0\u00bbno\u00a0\u00bb type=\u00a0\u00bbfull_width\u00a0\u00bb angled_section=\u00a0\u00bbno\u00a0\u00bb text_align=\u00a0\u00bbleft\u00a0\u00bb background_image_as_pattern=\u00a0\u00bbwithout_pattern\u00a0\u00bb][vc_column][vc_row_inner row_type=\u00a0\u00bbrow\u00a0\u00bb type=\u00a0\u00bbfull_width\u00a0\u00bb text_align=\u00a0\u00bbleft\u00a0\u00bb css_animation=\u00a0\u00bb\u00a0\u00bb][vc_column_inner width=\u00a0\u00bb2\/3&Prime;][vc_column_text] Chaque jour, nous r\u00e9servons une plage horaire limit\u00e9e pour r\u00e9pondre aux urgences. Si vous \u00eates confront\u00e9 \u00e0 une situation d&rsquo;incomfort, nous vous invitons \u00e0 nous t\u00e9l\u00e9phoner sans plus tarder. Nous nous empresserons&#8230;<\/p>\n","protected":false},"author":5,"featured_media":0,"parent":0,"menu_order":0,"comment_status":"closed","ping_status":"closed","template":"","meta":{"footnotes":""},"class_list":["post-571","page","type-page","status-publish","hentry"],"yoast_head":"<!-- This site is optimized with the Yoast SEO plugin v27.5 - https:\/\/yoast.com\/product\/yoast-seo-wordpress\/ -->\n<title>Soins d&#039;urgence - Konigsberg Abikhzer Orthodontics<\/title>\n<meta name=\"robots\" content=\"index, follow, max-snippet:-1, max-image-preview:large, max-video-preview:-1\" \/>\n<link rel=\"canonical\" href=\"https:\/\/www.kaortho.com\/fr\/soins-durgence\/\" \/>\n<meta property=\"og:locale\" content=\"fr_FR\" \/>\n<meta property=\"og:type\" content=\"article\" \/>\n<meta property=\"og:title\" content=\"Soins d&#039;urgence - Konigsberg Abikhzer Orthodontics\" \/>\n<meta property=\"og:description\" content=\"[vc_row css_animation=\u00a0\u00bb\u00a0\u00bb row_type=\u00a0\u00bbrow\u00a0\u00bb use_row_as_full_screen_section=\u00a0\u00bbno\u00a0\u00bb type=\u00a0\u00bbfull_width\u00a0\u00bb angled_section=\u00a0\u00bbno\u00a0\u00bb text_align=\u00a0\u00bbleft\u00a0\u00bb background_image_as_pattern=\u00a0\u00bbwithout_pattern\u00a0\u00bb][vc_column][vc_row_inner row_type=\u00a0\u00bbrow\u00a0\u00bb type=\u00a0\u00bbfull_width\u00a0\u00bb text_align=\u00a0\u00bbleft\u00a0\u00bb css_animation=\u00a0\u00bb\u00a0\u00bb][vc_column_inner width=\u00a0\u00bb2\/3&Prime;][vc_column_text] Chaque jour, nous r\u00e9servons une plage horaire limit\u00e9e pour r\u00e9pondre aux urgences. Si vous \u00eates confront\u00e9 \u00e0 une situation d&rsquo;incomfort, nous vous invitons \u00e0 nous t\u00e9l\u00e9phoner sans plus tarder. Nous nous empresserons...\" \/>\n<meta property=\"og:url\" content=\"https:\/\/www.kaortho.com\/fr\/soins-durgence\/\" \/>\n<meta property=\"og:site_name\" content=\"Konigsberg Abikhzer Orthodontics\" \/>\n<meta property=\"article:publisher\" content=\"https:\/\/www.facebook.com\/kaortho\" \/>\n<meta property=\"article:modified_time\" content=\"2018-04-05T02:40:47+00:00\" \/>\n<meta name=\"twitter:card\" content=\"summary_large_image\" \/>\n<meta name=\"twitter:label1\" content=\"Dur\u00e9e de lecture estim\u00e9e\" \/>\n\t<meta name=\"twitter:data1\" content=\"3 minutes\" \/>\n<script type=\"application\/ld+json\" class=\"yoast-schema-graph\">{\"@context\":\"https:\\\/\\\/schema.org\",\"@graph\":[{\"@type\":\"WebPage\",\"@id\":\"https:\\\/\\\/www.kaortho.com\\\/fr\\\/soins-durgence\\\/\",\"url\":\"https:\\\/\\\/www.kaortho.com\\\/fr\\\/soins-durgence\\\/\",\"name\":\"Soins d'urgence - Konigsberg Abikhzer Orthodontics\",\"isPartOf\":{\"@id\":\"https:\\\/\\\/www.kaortho.com\\\/fr\\\/#website\"},\"datePublished\":\"2018-01-17T02:27:51+00:00\",\"dateModified\":\"2018-04-05T02:40:47+00:00\",\"breadcrumb\":{\"@id\":\"https:\\\/\\\/www.kaortho.com\\\/fr\\\/soins-durgence\\\/#breadcrumb\"},\"inLanguage\":\"fr-FR\",\"potentialAction\":[{\"@type\":\"ReadAction\",\"target\":[\"https:\\\/\\\/www.kaortho.com\\\/fr\\\/soins-durgence\\\/\"]}]},{\"@type\":\"BreadcrumbList\",\"@id\":\"https:\\\/\\\/www.kaortho.com\\\/fr\\\/soins-durgence\\\/#breadcrumb\",\"itemListElement\":[{\"@type\":\"ListItem\",\"position\":1,\"name\":\"Home\",\"item\":\"https:\\\/\\\/www.kaortho.com\\\/fr\\\/\"},{\"@type\":\"ListItem\",\"position\":2,\"name\":\"Soins d&rsquo;urgence\"}]},{\"@type\":\"WebSite\",\"@id\":\"https:\\\/\\\/www.kaortho.com\\\/fr\\\/#website\",\"url\":\"https:\\\/\\\/www.kaortho.com\\\/fr\\\/\",\"name\":\"Konigsberg Abikhzer Orthodontics\",\"description\":\"Braces (Metal\\\/Clear\\\/Ceramic) - Invisalign\u00ae - Broches\",\"publisher\":{\"@id\":\"https:\\\/\\\/www.kaortho.com\\\/fr\\\/#organization\"},\"potentialAction\":[{\"@type\":\"SearchAction\",\"target\":{\"@type\":\"EntryPoint\",\"urlTemplate\":\"https:\\\/\\\/www.kaortho.com\\\/fr\\\/?s={search_term_string}\"},\"query-input\":{\"@type\":\"PropertyValueSpecification\",\"valueRequired\":true,\"valueName\":\"search_term_string\"}}],\"inLanguage\":\"fr-FR\"},{\"@type\":\"Organization\",\"@id\":\"https:\\\/\\\/www.kaortho.com\\\/fr\\\/#organization\",\"name\":\"Konigsberg Abikhzer Orthodontics\",\"url\":\"https:\\\/\\\/www.kaortho.com\\\/fr\\\/\",\"logo\":{\"@type\":\"ImageObject\",\"inLanguage\":\"fr-FR\",\"@id\":\"https:\\\/\\\/www.kaortho.com\\\/fr\\\/#\\\/schema\\\/logo\\\/image\\\/\",\"url\":\"https:\\\/\\\/www.kaortho.com\\\/wp-content\\\/uploads\\\/2020\\\/05\\\/kaortho_logo.png\",\"contentUrl\":\"https:\\\/\\\/www.kaortho.com\\\/wp-content\\\/uploads\\\/2020\\\/05\\\/kaortho_logo.png\",\"width\":519,\"height\":372,\"caption\":\"Konigsberg Abikhzer Orthodontics\"},\"image\":{\"@id\":\"https:\\\/\\\/www.kaortho.com\\\/fr\\\/#\\\/schema\\\/logo\\\/image\\\/\"},\"sameAs\":[\"https:\\\/\\\/www.facebook.com\\\/kaortho\",\"https:\\\/\\\/www.instagram.com\\\/kaortho\"]}]}<\/script>\n<!-- \/ Yoast SEO plugin. -->","yoast_head_json":{"title":"Soins d'urgence - Konigsberg Abikhzer Orthodontics","robots":{"index":"index","follow":"follow","max-snippet":"max-snippet:-1","max-image-preview":"max-image-preview:large","max-video-preview":"max-video-preview:-1"},"canonical":"https:\/\/www.kaortho.com\/fr\/soins-durgence\/","og_locale":"fr_FR","og_type":"article","og_title":"Soins d'urgence - Konigsberg Abikhzer Orthodontics","og_description":"[vc_row css_animation=\u00a0\u00bb\u00a0\u00bb row_type=\u00a0\u00bbrow\u00a0\u00bb use_row_as_full_screen_section=\u00a0\u00bbno\u00a0\u00bb type=\u00a0\u00bbfull_width\u00a0\u00bb angled_section=\u00a0\u00bbno\u00a0\u00bb text_align=\u00a0\u00bbleft\u00a0\u00bb background_image_as_pattern=\u00a0\u00bbwithout_pattern\u00a0\u00bb][vc_column][vc_row_inner row_type=\u00a0\u00bbrow\u00a0\u00bb type=\u00a0\u00bbfull_width\u00a0\u00bb text_align=\u00a0\u00bbleft\u00a0\u00bb css_animation=\u00a0\u00bb\u00a0\u00bb][vc_column_inner width=\u00a0\u00bb2\/3&Prime;][vc_column_text] Chaque jour, nous r\u00e9servons une plage horaire limit\u00e9e pour r\u00e9pondre aux urgences. Si vous \u00eates confront\u00e9 \u00e0 une situation d&rsquo;incomfort, nous vous invitons \u00e0 nous t\u00e9l\u00e9phoner sans plus tarder. Nous nous empresserons...","og_url":"https:\/\/www.kaortho.com\/fr\/soins-durgence\/","og_site_name":"Konigsberg Abikhzer Orthodontics","article_publisher":"https:\/\/www.facebook.com\/kaortho","article_modified_time":"2018-04-05T02:40:47+00:00","twitter_card":"summary_large_image","twitter_misc":{"Dur\u00e9e de lecture estim\u00e9e":"3 minutes"},"schema":{"@context":"https:\/\/schema.org","@graph":[{"@type":"WebPage","@id":"https:\/\/www.kaortho.com\/fr\/soins-durgence\/","url":"https:\/\/www.kaortho.com\/fr\/soins-durgence\/","name":"Soins d'urgence - Konigsberg Abikhzer Orthodontics","isPartOf":{"@id":"https:\/\/www.kaortho.com\/fr\/#website"},"datePublished":"2018-01-17T02:27:51+00:00","dateModified":"2018-04-05T02:40:47+00:00","breadcrumb":{"@id":"https:\/\/www.kaortho.com\/fr\/soins-durgence\/#breadcrumb"},"inLanguage":"fr-FR","potentialAction":[{"@type":"ReadAction","target":["https:\/\/www.kaortho.com\/fr\/soins-durgence\/"]}]},{"@type":"BreadcrumbList","@id":"https:\/\/www.kaortho.com\/fr\/soins-durgence\/#breadcrumb","itemListElement":[{"@type":"ListItem","position":1,"name":"Home","item":"https:\/\/www.kaortho.com\/fr\/"},{"@type":"ListItem","position":2,"name":"Soins d&rsquo;urgence"}]},{"@type":"WebSite","@id":"https:\/\/www.kaortho.com\/fr\/#website","url":"https:\/\/www.kaortho.com\/fr\/","name":"Konigsberg Abikhzer Orthodontics","description":"Braces (Metal\/Clear\/Ceramic) - Invisalign\u00ae - Broches","publisher":{"@id":"https:\/\/www.kaortho.com\/fr\/#organization"},"potentialAction":[{"@type":"SearchAction","target":{"@type":"EntryPoint","urlTemplate":"https:\/\/www.kaortho.com\/fr\/?s={search_term_string}"},"query-input":{"@type":"PropertyValueSpecification","valueRequired":true,"valueName":"search_term_string"}}],"inLanguage":"fr-FR"},{"@type":"Organization","@id":"https:\/\/www.kaortho.com\/fr\/#organization","name":"Konigsberg Abikhzer Orthodontics","url":"https:\/\/www.kaortho.com\/fr\/","logo":{"@type":"ImageObject","inLanguage":"fr-FR","@id":"https:\/\/www.kaortho.com\/fr\/#\/schema\/logo\/image\/","url":"https:\/\/www.kaortho.com\/wp-content\/uploads\/2020\/05\/kaortho_logo.png","contentUrl":"https:\/\/www.kaortho.com\/wp-content\/uploads\/2020\/05\/kaortho_logo.png","width":519,"height":372,"caption":"Konigsberg Abikhzer Orthodontics"},"image":{"@id":"https:\/\/www.kaortho.com\/fr\/#\/schema\/logo\/image\/"},"sameAs":["https:\/\/www.facebook.com\/kaortho","https:\/\/www.instagram.com\/kaortho"]}]}},"_links":{"self":[{"href":"https:\/\/www.kaortho.com\/fr\/wp-json\/wp\/v2\/pages\/571","targetHints":{"allow":["GET"]}}],"collection":[{"href":"https:\/\/www.kaortho.com\/fr\/wp-json\/wp\/v2\/pages"}],"about":[{"href":"https:\/\/www.kaortho.com\/fr\/wp-json\/wp\/v2\/types\/page"}],"author":[{"embeddable":true,"href":"https:\/\/www.kaortho.com\/fr\/wp-json\/wp\/v2\/users\/5"}],"replies":[{"embeddable":true,"href":"https:\/\/www.kaortho.com\/fr\/wp-json\/wp\/v2\/comments?post=571"}],"version-history":[{"count":0,"href":"https:\/\/www.kaortho.com\/fr\/wp-json\/wp\/v2\/pages\/571\/revisions"}],"wp:attachment":[{"href":"https:\/\/www.kaortho.com\/fr\/wp-json\/wp\/v2\/media?parent=571"}],"curies":[{"name":"wp","href":"https:\/\/api.w.org\/{rel}","templated":true}]}}