{"id":387,"date":"2017-11-21T00:08:41","date_gmt":"2017-11-21T00:08:41","guid":{"rendered":"http:\/\/www.kaortho.com\/?page_id=387\/"},"modified":"2020-05-26T20:03:36","modified_gmt":"2020-05-26T20:03:36","slug":"nouveau-patient","status":"publish","type":"page","link":"https:\/\/www.kaortho.com\/fr\/nouveau-patient\/","title":{"rendered":"Nouveau patient"},"content":{"rendered":"<div class=\"wpb-content-wrapper\"><p>[vc_row row_type=\u00a0\u00bbparallax\u00a0\u00bb parallax_content_width=\u00a0\u00bbfull_width\u00a0\u00bb text_align=\u00a0\u00bbleft\u00a0\u00bb background_image=\u00a0\u00bb8975&Prime; full_screen_section_height=\u00a0\u00bbno\u00a0\u00bb][vc_column][vc_row_inner row_type=\u00a0\u00bbrow\u00a0\u00bb type=\u00a0\u00bbgrid\u00a0\u00bb text_align=\u00a0\u00bbleft\u00a0\u00bb css_animation=\u00a0\u00bb\u00a0\u00bb css=\u00a0\u00bb.vc_custom_1511479106940{margin-top: 100px !important;margin-bottom: 100px !important;}\u00a0\u00bb][vc_column_inner][vc_column_text]<\/p>\n<h2 style=\"text-align: center;\">Nous sommes toujours enchant\u00e9s de rencontrer de nouveaux patients. Lors de votre premier rendez-vous, nous effectuons un examen approfondi et \u00e9valuons les diff\u00e9rentes options de traitement. Cette visite se veut essentielle puisqu&rsquo;elle permet d&rsquo;avoir un aper\u00e7u de vos besoins sp\u00e9cifiques.<\/h2>\n<p>[\/vc_column_text][\/vc_column_inner][\/vc_row_inner][\/vc_column][\/vc_row][vc_row css_animation=\u00a0\u00bb\u00a0\u00bb row_type=\u00a0\u00bbrow\u00a0\u00bb use_row_as_full_screen_section=\u00a0\u00bbno\u00a0\u00bb type=\u00a0\u00bbfull_width\u00a0\u00bb angled_section=\u00a0\u00bbno\u00a0\u00bb text_align=\u00a0\u00bbleft\u00a0\u00bb background_image_as_pattern=\u00a0\u00bbwithout_pattern\u00a0\u00bb css=\u00a0\u00bb.vc_custom_1511479145316{background-color: #ffffff !important;}\u00a0\u00bb][vc_column][vc_row_inner row_type=\u00a0\u00bbrow\u00a0\u00bb type=\u00a0\u00bbgrid\u00a0\u00bb text_align=\u00a0\u00bbleft\u00a0\u00bb css_animation=\u00a0\u00bb\u00a0\u00bb css=\u00a0\u00bb.vc_custom_1511479064813{padding-top: 60px !important;padding-bottom: 60px !important;}\u00a0\u00bb][vc_column_inner][vc_column_text]<\/p>\n<p style=\"text-align: left;\">Nous sommes toujours enchant\u00e9s de rencontrer de nouveaux patients. Lors de votre premier rendez-vous, nous effectuons un examen approfondi et \u00e9valuons les diff\u00e9rentes options de traitement. Cette visite se veut essentielle puisqu&rsquo;elle permet d&rsquo;avoir un aper\u00e7u de vos besoins sp\u00e9cifiques.<\/p>\n<p style=\"text-align: left;\">Au cours de l&rsquo;examen initial, nous r\u00e9pondons aux questions de base du traitement d&rsquo;orthodontie:<\/p>\n<ul>\n<li style=\"text-align: left;\">L&rsquo;orthodontiste peut-il m&rsquo;aider \u00e0 corriger mon probl\u00e8me?<\/li>\n<li style=\"text-align: left;\">Est-ce le moment id\u00e9al pour d\u00e9buter le traitement ou devrais-je plut\u00f4t attendre un moment plus opportun?<\/li>\n<li style=\"text-align: left;\">Quelles sont les proc\u00e9dures de traitement pour corriger le probl\u00e8me?<\/li>\n<li style=\"text-align: left;\">Devrons-nous extraire certaines dents?<\/li>\n<li style=\"text-align: left;\">Quelle sera la dur\u00e9e du traitement?<\/li>\n<li style=\"text-align: left;\">Quelle est la somme totale \u00e0 d\u00e9bourser pour le traitement?<\/li>\n<li>Quelles sont mes options de financement?<\/li>\n<\/ul>\n<p style=\"text-align: left;\">*Nous vous encourageons fortement \u00e0 nous demander d\u2019autres questions, au besoin.<\/p>\n<p style=\"text-align: left;\">En g\u00e9n\u00e9ral, nous sommes en mesure de r\u00e9pondre \u00e0 l&rsquo;ensemble de ces questions lors de l&rsquo;examen initial, mais suite \u00e0 une analyse minutieuse du dossier nous aborderons les points plus sp\u00e9cifiques. Nous estimons qu&rsquo;il est primordial d&rsquo;analyser les besoins personnels de chaque patient, car cette m\u00e9thode de travail favorise l&rsquo;obtention de r\u00e9sultats sup\u00e9rieurs ainsi qu&rsquo;un niveau de satisfaction accru.<\/p>\n<p>En vue de nous simplifier la t\u00e2che, nous vous prions d&rsquo;apporter l&rsquo;information suivante lors de votre premier rendez-vous:<\/p>\n<ol>\n<li style=\"text-align: left;\">Toute radiographie panoramique prise au cours de la derni\u00e8re ann\u00e9e<\/li>\n<li style=\"text-align: left;\">Si vous avez une assurance qui couvre les traitements d&rsquo;orthodontie, ce sera avec plaisir que nous remplirons les formulaires requis.<\/li>\n<\/ol>\n<p>[\/vc_column_text][\/vc_column_inner][\/vc_row_inner][\/vc_column][\/vc_row][vc_row css_animation=\u00a0\u00bb\u00a0\u00bb row_type=\u00a0\u00bbrow\u00a0\u00bb use_row_as_full_screen_section=\u00a0\u00bbno\u00a0\u00bb type=\u00a0\u00bbfull_width\u00a0\u00bb angled_section=\u00a0\u00bbno\u00a0\u00bb text_align=\u00a0\u00bbleft\u00a0\u00bb background_image_as_pattern=\u00a0\u00bbwithout_pattern\u00a0\u00bb][vc_column][vc_row_inner row_type=\u00a0\u00bbrow\u00a0\u00bb type=\u00a0\u00bbgrid\u00a0\u00bb text_align=\u00a0\u00bbleft\u00a0\u00bb css_animation=\u00a0\u00bb\u00a0\u00bb css=\u00a0\u00bb.vc_custom_1511724141884{padding-top: 60px !important;padding-bottom: 60px !important;}\u00a0\u00bb][vc_column_inner][vc_column_text]<\/p>\n<h2>Plan de paiement flexible<\/h2>\n<p>[\/vc_column_text][vc_column_text]Chez Konigsberg Abikhzer Orthodontics, nous nous engageons \u00e0 offrir le meilleur traitement orthodontique au co\u00fbt le plus raisonnable pour nos patients. Nous d\u00e9terminerons ensemble un plan de paiement sans int\u00e9r\u00eat avec lequel vous serez \u00e0 l&rsquo;aise. Si vous avez une assurance, nous serons heureux de pr\u00e9parer les formulaires n\u00e9cessaires.[\/vc_column_text][\/vc_column_inner][\/vc_row_inner][\/vc_column][\/vc_row]<\/p>\n<\/div>","protected":false},"excerpt":{"rendered":"<p>[vc_row row_type=\u00a0\u00bbparallax\u00a0\u00bb parallax_content_width=\u00a0\u00bbfull_width\u00a0\u00bb text_align=\u00a0\u00bbleft\u00a0\u00bb background_image=\u00a0\u00bb8975&Prime; full_screen_section_height=\u00a0\u00bbno\u00a0\u00bb][vc_column][vc_row_inner row_type=\u00a0\u00bbrow\u00a0\u00bb type=\u00a0\u00bbgrid\u00a0\u00bb text_align=\u00a0\u00bbleft\u00a0\u00bb css_animation=\u00a0\u00bb\u00a0\u00bb css=\u00a0\u00bb.vc_custom_1511479106940{margin-top: 100px !important;margin-bottom: 100px !important;}\u00a0\u00bb][vc_column_inner][vc_column_text] Nous sommes toujours enchant\u00e9s de rencontrer de nouveaux patients. Lors de votre premier rendez-vous, nous effectuons un examen approfondi et \u00e9valuons les diff\u00e9rentes options de traitement. Cette visite se veut&#8230;<\/p>\n","protected":false},"author":5,"featured_media":0,"parent":0,"menu_order":0,"comment_status":"closed","ping_status":"closed","template":"full_width.php","meta":{"footnotes":""},"class_list":["post-387","page","type-page","status-publish","hentry"],"yoast_head":"<!-- This site is optimized with the Yoast SEO plugin v27.5 - https:\/\/yoast.com\/product\/yoast-seo-wordpress\/ -->\n<title>Nouveau patient - Konigsberg Abikhzer Orthodontics<\/title>\n<meta name=\"robots\" content=\"index, follow, max-snippet:-1, max-image-preview:large, max-video-preview:-1\" \/>\n<link rel=\"canonical\" href=\"https:\/\/www.kaortho.com\/fr\/nouveau-patient\/\" \/>\n<meta property=\"og:locale\" content=\"fr_FR\" \/>\n<meta property=\"og:type\" content=\"article\" \/>\n<meta property=\"og:title\" content=\"Nouveau patient - Konigsberg Abikhzer Orthodontics\" \/>\n<meta property=\"og:description\" content=\"[vc_row row_type=\u00a0\u00bbparallax\u00a0\u00bb parallax_content_width=\u00a0\u00bbfull_width\u00a0\u00bb text_align=\u00a0\u00bbleft\u00a0\u00bb background_image=\u00a0\u00bb8975&Prime; full_screen_section_height=\u00a0\u00bbno\u00a0\u00bb][vc_column][vc_row_inner row_type=\u00a0\u00bbrow\u00a0\u00bb type=\u00a0\u00bbgrid\u00a0\u00bb text_align=\u00a0\u00bbleft\u00a0\u00bb css_animation=\u00a0\u00bb\u00a0\u00bb css=\u00a0\u00bb.vc_custom_1511479106940{margin-top: 100px !important;margin-bottom: 100px !important;}\u00a0\u00bb][vc_column_inner][vc_column_text] Nous sommes toujours enchant\u00e9s de rencontrer de nouveaux patients. Lors de votre premier rendez-vous, nous effectuons un examen approfondi et \u00e9valuons les diff\u00e9rentes options de traitement. Cette visite se veut...\" \/>\n<meta property=\"og:url\" content=\"https:\/\/www.kaortho.com\/fr\/nouveau-patient\/\" \/>\n<meta property=\"og:site_name\" content=\"Konigsberg Abikhzer Orthodontics\" \/>\n<meta property=\"article:publisher\" content=\"https:\/\/www.facebook.com\/kaortho\" \/>\n<meta property=\"article:modified_time\" content=\"2020-05-26T20:03:36+00:00\" \/>\n<meta name=\"twitter:card\" content=\"summary_large_image\" \/>\n<meta name=\"twitter:label1\" content=\"Dur\u00e9e de lecture estim\u00e9e\" \/>\n\t<meta name=\"twitter:data1\" content=\"3 minutes\" \/>\n<script type=\"application\/ld+json\" class=\"yoast-schema-graph\">{\"@context\":\"https:\\\/\\\/schema.org\",\"@graph\":[{\"@type\":\"WebPage\",\"@id\":\"https:\\\/\\\/www.kaortho.com\\\/fr\\\/nouveau-patient\\\/\",\"url\":\"https:\\\/\\\/www.kaortho.com\\\/fr\\\/nouveau-patient\\\/\",\"name\":\"Nouveau patient - Konigsberg Abikhzer Orthodontics\",\"isPartOf\":{\"@id\":\"https:\\\/\\\/www.kaortho.com\\\/fr\\\/#website\"},\"datePublished\":\"2017-11-21T00:08:41+00:00\",\"dateModified\":\"2020-05-26T20:03:36+00:00\",\"breadcrumb\":{\"@id\":\"https:\\\/\\\/www.kaortho.com\\\/fr\\\/nouveau-patient\\\/#breadcrumb\"},\"inLanguage\":\"fr-FR\",\"potentialAction\":[{\"@type\":\"ReadAction\",\"target\":[\"https:\\\/\\\/www.kaortho.com\\\/fr\\\/nouveau-patient\\\/\"]}]},{\"@type\":\"BreadcrumbList\",\"@id\":\"https:\\\/\\\/www.kaortho.com\\\/fr\\\/nouveau-patient\\\/#breadcrumb\",\"itemListElement\":[{\"@type\":\"ListItem\",\"position\":1,\"name\":\"Home\",\"item\":\"https:\\\/\\\/www.kaortho.com\\\/fr\\\/\"},{\"@type\":\"ListItem\",\"position\":2,\"name\":\"Nouveau patient\"}]},{\"@type\":\"WebSite\",\"@id\":\"https:\\\/\\\/www.kaortho.com\\\/fr\\\/#website\",\"url\":\"https:\\\/\\\/www.kaortho.com\\\/fr\\\/\",\"name\":\"Konigsberg Abikhzer Orthodontics\",\"description\":\"Braces (Metal\\\/Clear\\\/Ceramic) - Invisalign\u00ae - Broches\",\"publisher\":{\"@id\":\"https:\\\/\\\/www.kaortho.com\\\/fr\\\/#organization\"},\"potentialAction\":[{\"@type\":\"SearchAction\",\"target\":{\"@type\":\"EntryPoint\",\"urlTemplate\":\"https:\\\/\\\/www.kaortho.com\\\/fr\\\/?s={search_term_string}\"},\"query-input\":{\"@type\":\"PropertyValueSpecification\",\"valueRequired\":true,\"valueName\":\"search_term_string\"}}],\"inLanguage\":\"fr-FR\"},{\"@type\":\"Organization\",\"@id\":\"https:\\\/\\\/www.kaortho.com\\\/fr\\\/#organization\",\"name\":\"Konigsberg Abikhzer Orthodontics\",\"url\":\"https:\\\/\\\/www.kaortho.com\\\/fr\\\/\",\"logo\":{\"@type\":\"ImageObject\",\"inLanguage\":\"fr-FR\",\"@id\":\"https:\\\/\\\/www.kaortho.com\\\/fr\\\/#\\\/schema\\\/logo\\\/image\\\/\",\"url\":\"https:\\\/\\\/www.kaortho.com\\\/wp-content\\\/uploads\\\/2020\\\/05\\\/kaortho_logo.png\",\"contentUrl\":\"https:\\\/\\\/www.kaortho.com\\\/wp-content\\\/uploads\\\/2020\\\/05\\\/kaortho_logo.png\",\"width\":519,\"height\":372,\"caption\":\"Konigsberg Abikhzer Orthodontics\"},\"image\":{\"@id\":\"https:\\\/\\\/www.kaortho.com\\\/fr\\\/#\\\/schema\\\/logo\\\/image\\\/\"},\"sameAs\":[\"https:\\\/\\\/www.facebook.com\\\/kaortho\",\"https:\\\/\\\/www.instagram.com\\\/kaortho\"]}]}<\/script>\n<!-- \/ Yoast SEO plugin. -->","yoast_head_json":{"title":"Nouveau patient - Konigsberg Abikhzer Orthodontics","robots":{"index":"index","follow":"follow","max-snippet":"max-snippet:-1","max-image-preview":"max-image-preview:large","max-video-preview":"max-video-preview:-1"},"canonical":"https:\/\/www.kaortho.com\/fr\/nouveau-patient\/","og_locale":"fr_FR","og_type":"article","og_title":"Nouveau patient - Konigsberg Abikhzer Orthodontics","og_description":"[vc_row row_type=\u00a0\u00bbparallax\u00a0\u00bb parallax_content_width=\u00a0\u00bbfull_width\u00a0\u00bb text_align=\u00a0\u00bbleft\u00a0\u00bb background_image=\u00a0\u00bb8975&Prime; full_screen_section_height=\u00a0\u00bbno\u00a0\u00bb][vc_column][vc_row_inner row_type=\u00a0\u00bbrow\u00a0\u00bb type=\u00a0\u00bbgrid\u00a0\u00bb text_align=\u00a0\u00bbleft\u00a0\u00bb css_animation=\u00a0\u00bb\u00a0\u00bb css=\u00a0\u00bb.vc_custom_1511479106940{margin-top: 100px !important;margin-bottom: 100px !important;}\u00a0\u00bb][vc_column_inner][vc_column_text] Nous sommes toujours enchant\u00e9s de rencontrer de nouveaux patients. Lors de votre premier rendez-vous, nous effectuons un examen approfondi et \u00e9valuons les diff\u00e9rentes options de traitement. Cette visite se veut...","og_url":"https:\/\/www.kaortho.com\/fr\/nouveau-patient\/","og_site_name":"Konigsberg Abikhzer Orthodontics","article_publisher":"https:\/\/www.facebook.com\/kaortho","article_modified_time":"2020-05-26T20:03:36+00:00","twitter_card":"summary_large_image","twitter_misc":{"Dur\u00e9e de lecture estim\u00e9e":"3 minutes"},"schema":{"@context":"https:\/\/schema.org","@graph":[{"@type":"WebPage","@id":"https:\/\/www.kaortho.com\/fr\/nouveau-patient\/","url":"https:\/\/www.kaortho.com\/fr\/nouveau-patient\/","name":"Nouveau patient - Konigsberg Abikhzer Orthodontics","isPartOf":{"@id":"https:\/\/www.kaortho.com\/fr\/#website"},"datePublished":"2017-11-21T00:08:41+00:00","dateModified":"2020-05-26T20:03:36+00:00","breadcrumb":{"@id":"https:\/\/www.kaortho.com\/fr\/nouveau-patient\/#breadcrumb"},"inLanguage":"fr-FR","potentialAction":[{"@type":"ReadAction","target":["https:\/\/www.kaortho.com\/fr\/nouveau-patient\/"]}]},{"@type":"BreadcrumbList","@id":"https:\/\/www.kaortho.com\/fr\/nouveau-patient\/#breadcrumb","itemListElement":[{"@type":"ListItem","position":1,"name":"Home","item":"https:\/\/www.kaortho.com\/fr\/"},{"@type":"ListItem","position":2,"name":"Nouveau patient"}]},{"@type":"WebSite","@id":"https:\/\/www.kaortho.com\/fr\/#website","url":"https:\/\/www.kaortho.com\/fr\/","name":"Konigsberg Abikhzer Orthodontics","description":"Braces (Metal\/Clear\/Ceramic) - Invisalign\u00ae - Broches","publisher":{"@id":"https:\/\/www.kaortho.com\/fr\/#organization"},"potentialAction":[{"@type":"SearchAction","target":{"@type":"EntryPoint","urlTemplate":"https:\/\/www.kaortho.com\/fr\/?s={search_term_string}"},"query-input":{"@type":"PropertyValueSpecification","valueRequired":true,"valueName":"search_term_string"}}],"inLanguage":"fr-FR"},{"@type":"Organization","@id":"https:\/\/www.kaortho.com\/fr\/#organization","name":"Konigsberg Abikhzer Orthodontics","url":"https:\/\/www.kaortho.com\/fr\/","logo":{"@type":"ImageObject","inLanguage":"fr-FR","@id":"https:\/\/www.kaortho.com\/fr\/#\/schema\/logo\/image\/","url":"https:\/\/www.kaortho.com\/wp-content\/uploads\/2020\/05\/kaortho_logo.png","contentUrl":"https:\/\/www.kaortho.com\/wp-content\/uploads\/2020\/05\/kaortho_logo.png","width":519,"height":372,"caption":"Konigsberg Abikhzer Orthodontics"},"image":{"@id":"https:\/\/www.kaortho.com\/fr\/#\/schema\/logo\/image\/"},"sameAs":["https:\/\/www.facebook.com\/kaortho","https:\/\/www.instagram.com\/kaortho"]}]}},"_links":{"self":[{"href":"https:\/\/www.kaortho.com\/fr\/wp-json\/wp\/v2\/pages\/387","targetHints":{"allow":["GET"]}}],"collection":[{"href":"https:\/\/www.kaortho.com\/fr\/wp-json\/wp\/v2\/pages"}],"about":[{"href":"https:\/\/www.kaortho.com\/fr\/wp-json\/wp\/v2\/types\/page"}],"author":[{"embeddable":true,"href":"https:\/\/www.kaortho.com\/fr\/wp-json\/wp\/v2\/users\/5"}],"replies":[{"embeddable":true,"href":"https:\/\/www.kaortho.com\/fr\/wp-json\/wp\/v2\/comments?post=387"}],"version-history":[{"count":0,"href":"https:\/\/www.kaortho.com\/fr\/wp-json\/wp\/v2\/pages\/387\/revisions"}],"wp:attachment":[{"href":"https:\/\/www.kaortho.com\/fr\/wp-json\/wp\/v2\/media?parent=387"}],"curies":[{"name":"wp","href":"https:\/\/api.w.org\/{rel}","templated":true}]}}