{"id":184,"date":"2017-08-31T18:37:15","date_gmt":"2017-08-31T18:37:15","guid":{"rendered":"http:\/\/www.kaortho.com\/services\/"},"modified":"2017-12-15T06:07:46","modified_gmt":"2017-12-15T06:07:46","slug":"services","status":"publish","type":"page","link":"https:\/\/www.kaortho.com\/fr\/services\/","title":{"rendered":"Services"},"content":{"rendered":"<div class=\"wpb-content-wrapper\"><p>[vc_row css_animation=\u00a0\u00bb\u00a0\u00bb row_type=\u00a0\u00bbrow\u00a0\u00bb use_row_as_full_screen_section=\u00a0\u00bbno\u00a0\u00bb type=\u00a0\u00bbfull_width\u00a0\u00bb angled_section=\u00a0\u00bbno\u00a0\u00bb text_align=\u00a0\u00bbleft\u00a0\u00bb background_image_as_pattern=\u00a0\u00bbwithout_pattern\u00a0\u00bb][vc_column][vc_column_text]\n\n\n<div id=\"wpv-view-layout-457\" class=\"js-wpv-view-layout js-wpv-layout-responsive js-wpv-view-layout-457\" data-viewnumber=\"457\" data-pagination=\"{&quot;id&quot;:457,&quot;query&quot;:&quot;normal&quot;,&quot;type&quot;:&quot;disabled&quot;,&quot;effect&quot;:&quot;fade&quot;,&quot;duration&quot;:500,&quot;speed&quot;:5,&quot;pause_on_hover&quot;:&quot;disabled&quot;,&quot;stop_rollover&quot;:&quot;false&quot;,&quot;cache_pages&quot;:&quot;enabled&quot;,&quot;preload_images&quot;:&quot;enabled&quot;,&quot;preload_pages&quot;:&quot;enabled&quot;,&quot;preload_reach&quot;:1,&quot;spinner&quot;:&quot;builtin&quot;,&quot;spinner_image&quot;:&quot;https:\/\/www.kaortho.com\/wp-content\/plugins\/wp-views\/embedded\/res\/img\/ajax-loader.gif&quot;,&quot;callback_next&quot;:&quot;&quot;,&quot;manage_history&quot;:&quot;disabled&quot;,&quot;has_controls_in_form&quot;:&quot;disabled&quot;,&quot;infinite_tolerance&quot;:&quot;0&quot;,&quot;max_pages&quot;:0,&quot;page&quot;:1,&quot;base_permalink&quot;:&quot;\/fr\/wp-json\/wp\/v2\/pages\/184?wpv_view_count=457&amp;wpv_paged=WPV_PAGE_NUM&quot;,&quot;loop&quot;:{&quot;type&quot;:&quot;&quot;,&quot;name&quot;:&quot;&quot;,&quot;data&quot;:[],&quot;id&quot;:0}}\" data-permalink=\"\/fr\/wp-json\/wp\/v2\/pages\/184?wpv_view_count=457\">\n\n\t\n\t\n<div class=\"service-links text-center\">\n<a class=\"service-link\" href=\"#traitement-precoce\">Traitement pr\u00e9coce<\/a><a class=\"service-link\" href=\"#traitement-des-adolescents\">Traitement des adolescents<\/a><a class=\"service-link\" href=\"#traitement-des-adultes\">Traitement des adultes<\/a><a class=\"service-link\" href=\"#broches\">Broches<\/a><a class=\"service-link\" href=\"#invisalign\">Invisalign\u00ae<\/a>\n<\/div>\n\t\n\t\n\t\n<\/div>\n[\/vc_column_text][vc_column_text]\n\n\n<div id=\"wpv-view-layout-180\" class=\"js-wpv-view-layout js-wpv-layout-responsive js-wpv-view-layout-180\" data-viewnumber=\"180\" data-pagination=\"{&quot;id&quot;:180,&quot;query&quot;:&quot;normal&quot;,&quot;type&quot;:&quot;disabled&quot;,&quot;effect&quot;:&quot;fade&quot;,&quot;duration&quot;:500,&quot;speed&quot;:5,&quot;pause_on_hover&quot;:&quot;disabled&quot;,&quot;stop_rollover&quot;:&quot;false&quot;,&quot;cache_pages&quot;:&quot;enabled&quot;,&quot;preload_images&quot;:&quot;enabled&quot;,&quot;preload_pages&quot;:&quot;enabled&quot;,&quot;preload_reach&quot;:1,&quot;spinner&quot;:&quot;builtin&quot;,&quot;spinner_image&quot;:&quot;https:\/\/www.kaortho.com\/wp-content\/plugins\/wp-views\/embedded\/res\/img\/ajax-loader.gif&quot;,&quot;callback_next&quot;:&quot;&quot;,&quot;manage_history&quot;:&quot;disabled&quot;,&quot;has_controls_in_form&quot;:&quot;disabled&quot;,&quot;infinite_tolerance&quot;:&quot;0&quot;,&quot;max_pages&quot;:0,&quot;page&quot;:1,&quot;base_permalink&quot;:&quot;\/fr\/wp-json\/wp\/v2\/pages\/184?wpv_view_count=180&amp;wpv_paged=WPV_PAGE_NUM&quot;,&quot;loop&quot;:{&quot;type&quot;:&quot;&quot;,&quot;name&quot;:&quot;&quot;,&quot;data&quot;:[],&quot;id&quot;:0}}\" data-permalink=\"\/fr\/wp-json\/wp\/v2\/pages\/184?wpv_view_count=180\">\n\n\t\n\t\n\t\t\n          \n          <div class=\"wpb-content-wrapper\"><a id=\"traitement-precoce\"><\/a><style>.service-265{background-size:cover;background-image: url(https:\/\/www.kaortho.com\/wp-content\/uploads\/2017\/09\/early-treatment-1.jpg);}<\/style>\n<section data-speed=\"1\" class=\"parallax_section_holder  section-dark service-265 s1\"><div class=\"psection-light\"><div class=\"parallax_content left\" style=\"\n\"><div class=\"parallax_section_inner_margin clearfix\"><div class=\"wpb_column vc_column_container vc_col-sm-12\"><div class=\"vc_column-inner \"><div class=\"wpb_wrapper\"><div class=\"vc_row wpb_row section vc_row-fluid vc_inner  vc_custom_1507173884246 grid_section\" style=\" text-align:left;\"><div class=\" section_inner clearfix\"><div class=\"section_inner_margin clearfix\"><div class=\"wpb_column vc_column_container vc_col-md-8\"><div class=\"vc_column-inner \"><div class=\"wpb_wrapper\">\n\t<div class=\"wpb_text_column wpb_content_element \">\n\t\t<div class=\"wpb_wrapper\">\n\t\t\t<h1>Traitement pr\u00e9coce<\/h1>\n\n\t\t<\/div> \n\t<\/div> \n\t<div class=\"wpb_text_column wpb_content_element \">\n\t\t<div class=\"wpb_wrapper\">\n\t\t\t<p>Une \u00e9valuation effectu\u00e9e en bas \u00e2ge permet de d\u00e9tecter plus rapidement les irr\u00e9gularit\u00e9s et, de ce fait, d'\u00e9laborer un plan de traitement plus efficace. Cette strat\u00e9gie avis\u00e9e se veut tr\u00e8s utile pour d\u00e9tecter les anomalies d\u00e8s le plus jeune \u00e2ge et pour contrer la d\u00e9g\u00e9n\u00e9rescence de probl\u00e8mes simples. Dans l'\u00e9ventualit\u00e9 o\u00f9 il serait trop t\u00f4t pour d\u00e9buter le traitement, l'orthodontiste surveillera de pr\u00e8s la croissance et le d\u00e9veloppement de l'enfant, de mani\u00e8re \u00e0 d\u00e9terminer le moment opportun avant d'intervenir.<\/p>\n\n\t\t<\/div> \n\t<\/div> \t<div class=\"vc_empty_space\" style=\"height: 32px\"><span class=\"vc_empty_space_inner\">\n\t\t\t<span class=\"empty_space_image\"><\/span>\n\t\t<\/span><\/div>\n\n<a itemprop=\"url\" href='https:\/\/www.kaortho.com\/fr\/service\/traitement-precoce\/' target=\"_self\" class=\"qbutton  large center default\" style=\"\" rel=\"noopener noreferrer\">Plus d&rsquo;info<i class=\"qode_icon_font_awesome fa fa-info-circle qode_button_icon_element\" style=\"\"><\/i><\/a>\t<div class=\"vc_empty_space\" style=\"height: 32px\"><span class=\"vc_empty_space_inner\">\n\t\t\t<span class=\"empty_space_image\"><\/span>\n\t\t<\/span><\/div>\n\n<\/div><\/div><\/div><div class=\"wpb_column vc_column_container vc_col-sm-4\"><div class=\"vc_column-inner \"><div class=\"wpb_wrapper\"><\/div><\/div><\/div><\/div><\/div><\/div><\/div><\/div><\/div><\/div><\/div><\/div><\/section><\/div>\n          \n          \n          <div class=\"wpb-content-wrapper\"><a id=\"traitement-des-adolescents\"><\/a><section data-speed=\"1\" class=\"parallax_section_holder  section-dark s2\" style=\"background-image: url(https:\/\/www.kaortho.com\/wp-content\/uploads\/2017\/10\/adol_treatment2.jpg); \"><div class=\"psection-light\"><div class=\"parallax_content left\" style=\"\n\"><div class=\"parallax_section_inner_margin clearfix\"><div class=\"wpb_column vc_column_container vc_col-sm-12\"><div class=\"vc_column-inner \"><div class=\"wpb_wrapper\"><div class=\"vc_row wpb_row section vc_row-fluid vc_inner  vc_custom_1507173884246 grid_section\" style=\" text-align:left;\"><div class=\" section_inner clearfix\"><div class=\"section_inner_margin clearfix\"><div class=\"wpb_column vc_column_container vc_col-md-offset-4 vc_col-md-8\"><div class=\"vc_column-inner \"><div class=\"wpb_wrapper\">\n\t<div class=\"wpb_text_column wpb_content_element \">\n\t\t<div class=\"wpb_wrapper\">\n\t\t\t<h1>Traitement des adolescents<\/h1>\n\n\t\t<\/div> \n\t<\/div> \n\t<div class=\"wpb_text_column wpb_content_element \">\n\t\t<div class=\"wpb_wrapper\">\n\t\t\t<p>L'adolescence est le moment id\u00e9al pour traiter la majorit\u00e9 des cas, car nous sommes en mesure de profiter de la croissance des patients pour corriger les anomalies squelettiques sous-jacentes entre les m\u00e2choires sup\u00e9rieure et inf\u00e9rieure. Cela nous permet non seulement d'offrir le sourire le plus esth\u00e9tique possible, mais aussi d'assurer l\u2019occlusion la plus fonctionnelle. En outre, alors que la plupart des adolescents choisissent d'obtenir des broches m\u00e9talliques, les adolescents auront souvent le choix d'utiliser une option plus esth\u00e9tique comme les broches invisibles ou Invisalign.<\/p>\n\n\t\t<\/div> \n\t<\/div> \t<div class=\"vc_empty_space\" style=\"height: 32px\"><span class=\"vc_empty_space_inner\">\n\t\t\t<span class=\"empty_space_image\"><\/span>\n\t\t<\/span><\/div>\n\n<a itemprop=\"url\" href='https:\/\/www.kaortho.com\/fr\/service\/traitement-des-adolescents\/' target=\"_self\" class=\"qbutton  large center default\" style=\"\" rel=\"noopener noreferrer\">Plus d&rsquo;info<i class=\"qode_icon_font_awesome fa fa-info-circle qode_button_icon_element\" style=\"\"><\/i><\/a>\t<div class=\"vc_empty_space\" style=\"height: 32px\"><span class=\"vc_empty_space_inner\">\n\t\t\t<span class=\"empty_space_image\"><\/span>\n\t\t<\/span><\/div>\n\n<\/div><\/div><\/div><div class=\"wpb_column vc_column_container vc_col-sm-4\"><div class=\"vc_column-inner \"><div class=\"wpb_wrapper\"><\/div><\/div><\/div><\/div><\/div><\/div><\/div><\/div><\/div><\/div><\/div><\/div><\/section><\/div>\n\t\t\n          \n          <div class=\"wpb-content-wrapper\"><a id=\"traitement-des-adultes\"><\/a><style>.service-454{background-size:cover;background-image: url(https:\/\/www.kaortho.com\/wp-content\/uploads\/2017\/10\/section-adult-treatment-e1513919154488.jpg);}<\/style>\n<section data-speed=\"1\" class=\"parallax_section_holder  section-dark service-454 s1\"><div class=\"psection-light\"><div class=\"parallax_content left\" style=\"\n\"><div class=\"parallax_section_inner_margin clearfix\"><div class=\"wpb_column vc_column_container vc_col-sm-12\"><div class=\"vc_column-inner \"><div class=\"wpb_wrapper\"><div class=\"vc_row wpb_row section vc_row-fluid vc_inner  vc_custom_1507173884246 grid_section\" style=\" text-align:left;\"><div class=\" section_inner clearfix\"><div class=\"section_inner_margin clearfix\"><div class=\"wpb_column vc_column_container vc_col-md-8\"><div class=\"vc_column-inner \"><div class=\"wpb_wrapper\">\n\t<div class=\"wpb_text_column wpb_content_element \">\n\t\t<div class=\"wpb_wrapper\">\n\t\t\t<h1>Traitement des adultes<\/h1>\n\n\t\t<\/div> \n\t<\/div> \n\t<div class=\"wpb_text_column wpb_content_element \">\n\t\t<div class=\"wpb_wrapper\">\n\t\t\t<p>Le traitement orthodontique devient extr\u00eamement populaire parmi les adultes. L'alignement des dents peut \u00eatre modifi\u00e9 \u00e0 tout \u00e2ge si vos gencives et votre structure osseuse sont en bonne sant\u00e9. Nous offrons une vari\u00e9t\u00e9 de traitements qui sont con\u00e7us pour diff\u00e9rents groupes d'\u00e2ge - y compris les adultes. Chez Konigsberg Abikhzer Orthodontics, nous proposons de nombreux types de traitements esth\u00e9tiques tels qu\u2019Invisalign et des boitiers c\u00e9ramiques afin de s'assurer que nos patients adultes sont \u00e0 l'aise avec l'apparence de leurs appareils pendant le traitement.<\/p>\n\n\t\t<\/div> \n\t<\/div> \t<div class=\"vc_empty_space\" style=\"height: 32px\"><span class=\"vc_empty_space_inner\">\n\t\t\t<span class=\"empty_space_image\"><\/span>\n\t\t<\/span><\/div>\n\n<a itemprop=\"url\" href='https:\/\/www.kaortho.com\/fr\/service\/traitement-des-adultes\/' target=\"_self\" class=\"qbutton  large center default\" style=\"\" rel=\"noopener noreferrer\">Plus d&rsquo;info<i class=\"qode_icon_font_awesome fa fa-info-circle qode_button_icon_element\" style=\"\"><\/i><\/a>\t<div class=\"vc_empty_space\" style=\"height: 32px\"><span class=\"vc_empty_space_inner\">\n\t\t\t<span class=\"empty_space_image\"><\/span>\n\t\t<\/span><\/div>\n\n<\/div><\/div><\/div><div class=\"wpb_column vc_column_container vc_col-sm-4\"><div class=\"vc_column-inner \"><div class=\"wpb_wrapper\"><\/div><\/div><\/div><\/div><\/div><\/div><\/div><\/div><\/div><\/div><\/div><\/div><\/section><\/div>\n          \n          \n          <div class=\"wpb-content-wrapper\"><a id=\"broches\"><\/a><section data-speed=\"1\" class=\"parallax_section_holder  section-dark s2\" style=\"background-image: url(https:\/\/www.kaortho.com\/wp-content\/uploads\/2017\/10\/braces.jpg); \"><div class=\"psection-light\"><div class=\"parallax_content left\" style=\"\n\"><div class=\"parallax_section_inner_margin clearfix\"><div class=\"wpb_column vc_column_container vc_col-sm-12\"><div class=\"vc_column-inner \"><div class=\"wpb_wrapper\"><div class=\"vc_row wpb_row section vc_row-fluid vc_inner  vc_custom_1507173884246 grid_section\" style=\" text-align:left;\"><div class=\" section_inner clearfix\"><div class=\"section_inner_margin clearfix\"><div class=\"wpb_column vc_column_container vc_col-md-offset-4 vc_col-md-8\"><div class=\"vc_column-inner \"><div class=\"wpb_wrapper\">\n\t<div class=\"wpb_text_column wpb_content_element \">\n\t\t<div class=\"wpb_wrapper\">\n\t\t\t<h1>Broches<\/h1>\n\n\t\t<\/div> \n\t<\/div> \n\t<div class=\"wpb_text_column wpb_content_element \">\n\t\t<div class=\"wpb_wrapper\">\n\t\t\t<p>Dr Konigsberg et Dr Abikhzer sont fiers d'offrir une vari\u00e9t\u00e9 d'options quand il s'agit de traitements orthodontiques. Nous offrons des broches en <strong>m\u00e9tal<\/strong> et en <strong>c\u00e9ramique \/ claires<\/strong>. Chacune de ces options a ses propres avantages, et notre \u00e9quipe se fera un plaisir d'\u00e9valuer ce qui vous convient le mieux.<\/p>\n\n\t\t<\/div> \n\t<\/div> \t<div class=\"vc_empty_space\" style=\"height: 32px\"><span class=\"vc_empty_space_inner\">\n\t\t\t<span class=\"empty_space_image\"><\/span>\n\t\t<\/span><\/div>\n\n<a itemprop=\"url\" href='https:\/\/www.kaortho.com\/fr\/service\/broches\/' target=\"_self\" class=\"qbutton  large center default\" style=\"\" rel=\"noopener noreferrer\">Plus d&rsquo;info<i class=\"qode_icon_font_awesome fa fa-info-circle qode_button_icon_element\" style=\"\"><\/i><\/a>\t<div class=\"vc_empty_space\" style=\"height: 32px\"><span class=\"vc_empty_space_inner\">\n\t\t\t<span class=\"empty_space_image\"><\/span>\n\t\t<\/span><\/div>\n\n<\/div><\/div><\/div><div class=\"wpb_column vc_column_container vc_col-sm-4\"><div class=\"vc_column-inner \"><div class=\"wpb_wrapper\"><\/div><\/div><\/div><\/div><\/div><\/div><\/div><\/div><\/div><\/div><\/div><\/div><\/section><\/div>\n\t\t\n          \n          <div class=\"wpb-content-wrapper\"><a id=\"invisalign\"><\/a><style>.service-277{background-size:cover;background-image: url(https:\/\/www.kaortho.com\/wp-content\/uploads\/2017\/10\/section-invisalign-2.jpg);}<\/style>\n<section data-speed=\"1\" class=\"parallax_section_holder  section-dark service-277 s1\"><div class=\"psection-light\"><div class=\"parallax_content left\" style=\"\n\"><div class=\"parallax_section_inner_margin clearfix\"><div class=\"wpb_column vc_column_container vc_col-sm-12\"><div class=\"vc_column-inner \"><div class=\"wpb_wrapper\"><div class=\"vc_row wpb_row section vc_row-fluid vc_inner  vc_custom_1507173884246 grid_section\" style=\" text-align:left;\"><div class=\" section_inner clearfix\"><div class=\"section_inner_margin clearfix\"><div class=\"wpb_column vc_column_container vc_col-md-8\"><div class=\"vc_column-inner \"><div class=\"wpb_wrapper\">\n\t<div class=\"wpb_text_column wpb_content_element \">\n\t\t<div class=\"wpb_wrapper\">\n\t\t\t<h1>Invisalign\u00ae<\/h1>\n\n\t\t<\/div> \n\t<\/div> \n\t<div class=\"wpb_text_column wpb_content_element \">\n\t\t<div class=\"wpb_wrapper\">\n\t\t\t<p>En utilisant un syst\u00e8me d'aligneurs invisibles et personnalis\u00e9s, Invisalign\u00a0redresse progressivement les dents. L'un des principaux avantages d'Invisalign est que ces aligneurs sont tous amovibles, donc il n'y a aucune restriction sur ce que vous pouvez manger ou boire, et le brossage et la soie dentaire est beaucoup plus facile qu'avec les appareils orthodontiques. Invisalign\u00a0peut corriger la plupart des malocclusions. Demandez si vous \u00eates un bon candidat pour Invisalign.<\/p>\n\n\t\t<\/div> \n\t<\/div> \t<div class=\"vc_empty_space\" style=\"height: 32px\"><span class=\"vc_empty_space_inner\">\n\t\t\t<span class=\"empty_space_image\"><\/span>\n\t\t<\/span><\/div>\n\n<a itemprop=\"url\" href='https:\/\/www.kaortho.com\/fr\/service\/invisalign\/' target=\"_self\" class=\"qbutton  large center default\" style=\"\" rel=\"noopener noreferrer\">Plus d&rsquo;info<i class=\"qode_icon_font_awesome fa fa-info-circle qode_button_icon_element\" style=\"\"><\/i><\/a>\t<div class=\"vc_empty_space\" style=\"height: 32px\"><span class=\"vc_empty_space_inner\">\n\t\t\t<span class=\"empty_space_image\"><\/span>\n\t\t<\/span><\/div>\n\n<\/div><\/div><\/div><div class=\"wpb_column vc_column_container vc_col-sm-4\"><div class=\"vc_column-inner \"><div class=\"wpb_wrapper\"><\/div><\/div><\/div><\/div><\/div><\/div><\/div><\/div><\/div><\/div><\/div><\/div><\/section><\/div>\n          \n\t\n\t\n\t\n<\/div>\n[\/vc_column_text][\/vc_column][\/vc_row]<\/p>\n<\/div>","protected":false},"excerpt":{"rendered":"Traitement pr\u00e9coceTraitement des adolescentsTraitement des adultesBrochesInvisalign\u00ae Traitement pr\u00e9coce Une \u00e9valuation effectu\u00e9e en bas \u00e2ge permet de d\u00e9tecter plus rapidement les irr\u00e9gularit\u00e9s et, de ce fait, d'\u00e9laborer un plan de traitement plus efficace. Cette strat\u00e9gie avis\u00e9e se veut tr\u00e8s utile pour d\u00e9tecter les anomalies d\u00e8s le...","protected":false},"author":5,"featured_media":0,"parent":0,"menu_order":0,"comment_status":"closed","ping_status":"closed","template":"full_width.php","meta":{"footnotes":""},"class_list":["post-184","page","type-page","status-publish","hentry"],"yoast_head":"<!-- This site is optimized with the Yoast SEO plugin v27.5 - https:\/\/yoast.com\/product\/yoast-seo-wordpress\/ -->\n<title>Services - Konigsberg Abikhzer Orthodontics<\/title>\n<meta name=\"robots\" content=\"index, follow, max-snippet:-1, max-image-preview:large, max-video-preview:-1\" \/>\n<link rel=\"canonical\" href=\"https:\/\/www.kaortho.com\/fr\/services\/\" \/>\n<meta property=\"og:locale\" content=\"fr_FR\" \/>\n<meta property=\"og:type\" content=\"article\" \/>\n<meta property=\"og:title\" content=\"Services - Konigsberg Abikhzer Orthodontics\" \/>\n<meta property=\"og:url\" content=\"https:\/\/www.kaortho.com\/fr\/services\/\" \/>\n<meta property=\"og:site_name\" content=\"Konigsberg Abikhzer Orthodontics\" \/>\n<meta property=\"article:publisher\" content=\"https:\/\/www.facebook.com\/kaortho\" \/>\n<meta property=\"article:modified_time\" content=\"2017-12-15T06:07:46+00:00\" \/>\n<meta name=\"twitter:card\" content=\"summary_large_image\" \/>\n<script type=\"application\/ld+json\" class=\"yoast-schema-graph\">{\"@context\":\"https:\\\/\\\/schema.org\",\"@graph\":[{\"@type\":\"WebPage\",\"@id\":\"https:\\\/\\\/www.kaortho.com\\\/fr\\\/services\\\/\",\"url\":\"https:\\\/\\\/www.kaortho.com\\\/fr\\\/services\\\/\",\"name\":\"Services - Konigsberg Abikhzer Orthodontics\",\"isPartOf\":{\"@id\":\"https:\\\/\\\/www.kaortho.com\\\/fr\\\/#website\"},\"datePublished\":\"2017-08-31T18:37:15+00:00\",\"dateModified\":\"2017-12-15T06:07:46+00:00\",\"breadcrumb\":{\"@id\":\"https:\\\/\\\/www.kaortho.com\\\/fr\\\/services\\\/#breadcrumb\"},\"inLanguage\":\"fr-FR\",\"potentialAction\":[{\"@type\":\"ReadAction\",\"target\":[\"https:\\\/\\\/www.kaortho.com\\\/fr\\\/services\\\/\"]}]},{\"@type\":\"BreadcrumbList\",\"@id\":\"https:\\\/\\\/www.kaortho.com\\\/fr\\\/services\\\/#breadcrumb\",\"itemListElement\":[{\"@type\":\"ListItem\",\"position\":1,\"name\":\"Home\",\"item\":\"https:\\\/\\\/www.kaortho.com\\\/fr\\\/\"},{\"@type\":\"ListItem\",\"position\":2,\"name\":\"Services\"}]},{\"@type\":\"WebSite\",\"@id\":\"https:\\\/\\\/www.kaortho.com\\\/fr\\\/#website\",\"url\":\"https:\\\/\\\/www.kaortho.com\\\/fr\\\/\",\"name\":\"Konigsberg Abikhzer Orthodontics\",\"description\":\"Braces (Metal\\\/Clear\\\/Ceramic) - Invisalign\u00ae - Broches\",\"publisher\":{\"@id\":\"https:\\\/\\\/www.kaortho.com\\\/fr\\\/#organization\"},\"potentialAction\":[{\"@type\":\"SearchAction\",\"target\":{\"@type\":\"EntryPoint\",\"urlTemplate\":\"https:\\\/\\\/www.kaortho.com\\\/fr\\\/?s={search_term_string}\"},\"query-input\":{\"@type\":\"PropertyValueSpecification\",\"valueRequired\":true,\"valueName\":\"search_term_string\"}}],\"inLanguage\":\"fr-FR\"},{\"@type\":\"Organization\",\"@id\":\"https:\\\/\\\/www.kaortho.com\\\/fr\\\/#organization\",\"name\":\"Konigsberg Abikhzer Orthodontics\",\"url\":\"https:\\\/\\\/www.kaortho.com\\\/fr\\\/\",\"logo\":{\"@type\":\"ImageObject\",\"inLanguage\":\"fr-FR\",\"@id\":\"https:\\\/\\\/www.kaortho.com\\\/fr\\\/#\\\/schema\\\/logo\\\/image\\\/\",\"url\":\"https:\\\/\\\/www.kaortho.com\\\/wp-content\\\/uploads\\\/2020\\\/05\\\/kaortho_logo.png\",\"contentUrl\":\"https:\\\/\\\/www.kaortho.com\\\/wp-content\\\/uploads\\\/2020\\\/05\\\/kaortho_logo.png\",\"width\":519,\"height\":372,\"caption\":\"Konigsberg Abikhzer Orthodontics\"},\"image\":{\"@id\":\"https:\\\/\\\/www.kaortho.com\\\/fr\\\/#\\\/schema\\\/logo\\\/image\\\/\"},\"sameAs\":[\"https:\\\/\\\/www.facebook.com\\\/kaortho\",\"https:\\\/\\\/www.instagram.com\\\/kaortho\"]}]}<\/script>\n<!-- \/ Yoast SEO plugin. -->","yoast_head_json":{"title":"Services - Konigsberg Abikhzer Orthodontics","robots":{"index":"index","follow":"follow","max-snippet":"max-snippet:-1","max-image-preview":"max-image-preview:large","max-video-preview":"max-video-preview:-1"},"canonical":"https:\/\/www.kaortho.com\/fr\/services\/","og_locale":"fr_FR","og_type":"article","og_title":"Services - Konigsberg Abikhzer Orthodontics","og_url":"https:\/\/www.kaortho.com\/fr\/services\/","og_site_name":"Konigsberg Abikhzer Orthodontics","article_publisher":"https:\/\/www.facebook.com\/kaortho","article_modified_time":"2017-12-15T06:07:46+00:00","twitter_card":"summary_large_image","schema":{"@context":"https:\/\/schema.org","@graph":[{"@type":"WebPage","@id":"https:\/\/www.kaortho.com\/fr\/services\/","url":"https:\/\/www.kaortho.com\/fr\/services\/","name":"Services - Konigsberg Abikhzer Orthodontics","isPartOf":{"@id":"https:\/\/www.kaortho.com\/fr\/#website"},"datePublished":"2017-08-31T18:37:15+00:00","dateModified":"2017-12-15T06:07:46+00:00","breadcrumb":{"@id":"https:\/\/www.kaortho.com\/fr\/services\/#breadcrumb"},"inLanguage":"fr-FR","potentialAction":[{"@type":"ReadAction","target":["https:\/\/www.kaortho.com\/fr\/services\/"]}]},{"@type":"BreadcrumbList","@id":"https:\/\/www.kaortho.com\/fr\/services\/#breadcrumb","itemListElement":[{"@type":"ListItem","position":1,"name":"Home","item":"https:\/\/www.kaortho.com\/fr\/"},{"@type":"ListItem","position":2,"name":"Services"}]},{"@type":"WebSite","@id":"https:\/\/www.kaortho.com\/fr\/#website","url":"https:\/\/www.kaortho.com\/fr\/","name":"Konigsberg Abikhzer Orthodontics","description":"Braces (Metal\/Clear\/Ceramic) - Invisalign\u00ae - Broches","publisher":{"@id":"https:\/\/www.kaortho.com\/fr\/#organization"},"potentialAction":[{"@type":"SearchAction","target":{"@type":"EntryPoint","urlTemplate":"https:\/\/www.kaortho.com\/fr\/?s={search_term_string}"},"query-input":{"@type":"PropertyValueSpecification","valueRequired":true,"valueName":"search_term_string"}}],"inLanguage":"fr-FR"},{"@type":"Organization","@id":"https:\/\/www.kaortho.com\/fr\/#organization","name":"Konigsberg Abikhzer Orthodontics","url":"https:\/\/www.kaortho.com\/fr\/","logo":{"@type":"ImageObject","inLanguage":"fr-FR","@id":"https:\/\/www.kaortho.com\/fr\/#\/schema\/logo\/image\/","url":"https:\/\/www.kaortho.com\/wp-content\/uploads\/2020\/05\/kaortho_logo.png","contentUrl":"https:\/\/www.kaortho.com\/wp-content\/uploads\/2020\/05\/kaortho_logo.png","width":519,"height":372,"caption":"Konigsberg Abikhzer Orthodontics"},"image":{"@id":"https:\/\/www.kaortho.com\/fr\/#\/schema\/logo\/image\/"},"sameAs":["https:\/\/www.facebook.com\/kaortho","https:\/\/www.instagram.com\/kaortho"]}]}},"_links":{"self":[{"href":"https:\/\/www.kaortho.com\/fr\/wp-json\/wp\/v2\/pages\/184","targetHints":{"allow":["GET"]}}],"collection":[{"href":"https:\/\/www.kaortho.com\/fr\/wp-json\/wp\/v2\/pages"}],"about":[{"href":"https:\/\/www.kaortho.com\/fr\/wp-json\/wp\/v2\/types\/page"}],"author":[{"embeddable":true,"href":"https:\/\/www.kaortho.com\/fr\/wp-json\/wp\/v2\/users\/5"}],"replies":[{"embeddable":true,"href":"https:\/\/www.kaortho.com\/fr\/wp-json\/wp\/v2\/comments?post=184"}],"version-history":[{"count":0,"href":"https:\/\/www.kaortho.com\/fr\/wp-json\/wp\/v2\/pages\/184\/revisions"}],"wp:attachment":[{"href":"https:\/\/www.kaortho.com\/fr\/wp-json\/wp\/v2\/media?parent=184"}],"curies":[{"name":"wp","href":"https:\/\/api.w.org\/{rel}","templated":true}]}}