{"id":121,"date":"2017-04-14T17:27:18","date_gmt":"2017-04-14T17:27:18","guid":{"rendered":"http:\/\/www.kaortho.com\/about\/"},"modified":"2020-05-26T17:08:08","modified_gmt":"2020-05-26T17:08:08","slug":"a-propos","status":"publish","type":"page","link":"https:\/\/www.kaortho.com\/fr\/a-propos\/","title":{"rendered":"\u00c0 propos"},"content":{"rendered":"<div class=\"wpb-content-wrapper\"><p>[vc_row row_type=\u00a0\u00bbparallax\u00a0\u00bb parallax_content_width=\u00a0\u00bbin_grid\u00a0\u00bb text_align=\u00a0\u00bbcenter\u00a0\u00bb background_image=\u00a0\u00bb489&Prime; full_screen_section_height=\u00a0\u00bbno\u00a0\u00bb][vc_column][vc_row_inner row_type=\u00a0\u00bbrow\u00a0\u00bb type=\u00a0\u00bbgrid\u00a0\u00bb text_align=\u00a0\u00bbleft\u00a0\u00bb css_animation=\u00a0\u00bbelement_from_fade\u00a0\u00bb css=\u00a0\u00bb.vc_custom_1513308025238{margin-top: 120px !important;margin-bottom: 120px !important;}\u00a0\u00bb][vc_column_inner][vc_column_text]<\/p>\n<h1 style=\"text-align: center;\">Notre mission est d&rsquo;offrir des traitements d&rsquo;orthodontie de qualit\u00e9 exceptionnelle, dans un environnement chaleureux et convivial pour tous les membres de la famille.<\/h1>\n<p>[\/vc_column_text][\/vc_column_inner][\/vc_row_inner][\/vc_column][\/vc_row][vc_row css_animation=\u00a0\u00bb\u00a0\u00bb row_type=\u00a0\u00bbrow\u00a0\u00bb use_row_as_full_screen_section=\u00a0\u00bbno\u00a0\u00bb type=\u00a0\u00bbfull_width\u00a0\u00bb angled_section=\u00a0\u00bbno\u00a0\u00bb text_align=\u00a0\u00bbleft\u00a0\u00bb background_image_as_pattern=\u00a0\u00bbwithout_pattern\u00a0\u00bb css=\u00a0\u00bb.vc_custom_1511479691143{background-color: #ffffff !important;}\u00a0\u00bb][vc_column][vc_row_inner row_type=\u00a0\u00bbrow\u00a0\u00bb type=\u00a0\u00bbgrid\u00a0\u00bb text_align=\u00a0\u00bbleft\u00a0\u00bb css_animation=\u00a0\u00bbelement_from_fade\u00a0\u00bb css=\u00a0\u00bb.vc_custom_1513307216904{padding-top: 60px !important;padding-bottom: 60px !important;}\u00a0\u00bb][vc_column_inner width=\u00a0\u00bb2\/3&Prime;][vc_column_text]<\/p>\n<p style=\"text-align: left;\"><span style=\"font-weight: 400;\">Notre \u00e9quipe s&rsquo;est donn\u00e9e comme mission d&rsquo;offrir des traitements d&rsquo;orthodontie de qualit\u00e9 exceptionnelle, dans un environnement chaleureux et convivial pour tous les membres de la famille. Pour ce faire, chaque patient est trait\u00e9 et suivi individuellement par le Dr. Konigsberg et le Dr. Abikhzer. Par souci de rigueur, notre philosophie de traitement repose uniquement sur des fondements \u00e9prouv\u00e9s au fil de nos ann\u00e9es de pratique. <\/span><\/p>\n<p style=\"text-align: left;\"><span style=\"font-weight: 400;\">Notre bureau est un endroit o\u00f9 le soin et le confort de nos patients sont notre but ultime. Nous travaillons en \u00e9quipe, chacun \u00e9tant engag\u00e9 \u00e0 fournir le meilleur service et traitement personnel \u00e0 nos patients. Notre \u00e9quipe est hautement qualifi\u00e9e et se tient au courant de toutes les derni\u00e8res technologies en technologie orthodontique.<\/span><\/p>\n<p style=\"text-align: left;\"><span style=\"font-weight: 400;\">Nous vous encourageons \u00e0 poser des questions! Dr. Konigsberg et Dr. Abikhzer sont directement impliqu\u00e9s dans le traitement de chaque patient \u00e0 chaque visite.<\/span><\/p>\n<p>[\/vc_column_text][vc_empty_space height=\u00a0\u00bb20px\u00a0\u00bb][\/vc_column_inner][vc_column_inner width=\u00a0\u00bb1\/3&Prime;][vc_empty_space height=\u00a0\u00bb50px\u00a0\u00bb][vc_single_image image=\u00a0\u00bb8953&Prime; img_size=\u00a0\u00bblarge\u00a0\u00bb alignment=\u00a0\u00bbcenter\u00a0\u00bb qode_css_animation=\u00a0\u00bbelement_from_fade\u00a0\u00bb][\/vc_column_inner][\/vc_row_inner][\/vc_column][\/vc_row][vc_row css_animation=\u00a0\u00bbelement_from_fade\u00a0\u00bb row_type=\u00a0\u00bbrow\u00a0\u00bb use_row_as_full_screen_section=\u00a0\u00bbno\u00a0\u00bb type=\u00a0\u00bbgrid\u00a0\u00bb angled_section=\u00a0\u00bbno\u00a0\u00bb text_align=\u00a0\u00bbleft\u00a0\u00bb background_image_as_pattern=\u00a0\u00bbwithout_pattern\u00a0\u00bb css=\u00a0\u00bb.vc_custom_1513922191222{padding-top: 50px !important;padding-bottom: 50px !important;}\u00a0\u00bb][vc_column][vc_column_text]\n\n\n<div id=\"wpv-view-layout-135\" class=\"js-wpv-view-layout js-wpv-layout-responsive js-wpv-view-layout-135\" data-viewnumber=\"135\" data-pagination=\"{&quot;id&quot;:135,&quot;query&quot;:&quot;normal&quot;,&quot;type&quot;:&quot;disabled&quot;,&quot;effect&quot;:&quot;fade&quot;,&quot;duration&quot;:500,&quot;speed&quot;:5,&quot;pause_on_hover&quot;:&quot;disabled&quot;,&quot;stop_rollover&quot;:&quot;false&quot;,&quot;cache_pages&quot;:&quot;enabled&quot;,&quot;preload_images&quot;:&quot;enabled&quot;,&quot;preload_pages&quot;:&quot;enabled&quot;,&quot;preload_reach&quot;:1,&quot;spinner&quot;:&quot;builtin&quot;,&quot;spinner_image&quot;:&quot;https:\/\/www.kaortho.com\/wp-content\/plugins\/wp-views\/embedded\/res\/img\/ajax-loader.gif&quot;,&quot;callback_next&quot;:&quot;&quot;,&quot;manage_history&quot;:&quot;disabled&quot;,&quot;has_controls_in_form&quot;:&quot;disabled&quot;,&quot;infinite_tolerance&quot;:&quot;0&quot;,&quot;max_pages&quot;:0,&quot;page&quot;:1,&quot;base_permalink&quot;:&quot;\/fr\/wp-json\/wp\/v2\/pages\/121?wpv_view_count=135&amp;wpv_paged=WPV_PAGE_NUM&quot;,&quot;loop&quot;:{&quot;type&quot;:&quot;&quot;,&quot;name&quot;:&quot;&quot;,&quot;data&quot;:[],&quot;id&quot;:0}}\" data-permalink=\"\/fr\/wp-json\/wp\/v2\/pages\/121?wpv_view_count=135\">\n\n\t\n\t\n<div class=\"vc_row\">\n\t\t\n          <div class=\"vc_col-sm-6\">\n          \t<div class=\"team-member-listed p-10\">\n  \n\t<div class=\"wpb_single_image wpb_content_element vc_align_center\">\n\t\t<div class=\"wpb_wrapper\">\n\t\t\t<div class=\"vc_single_image-wrapper vc_box_shadow_border_circle vc_box_border_grey\">\n\t\t\t\t<img decoding=\"async\" src=\"https:\/\/www.kaortho.com\/wp-content\/uploads\/2017\/10\/skonigsberg-wpcf_200x200.jpg\">\n\t\t\t<\/div>\n      \t<\/div>\n\t<\/div>\n  \n  \t<p class=\"text-center h2 m-0 p-0 m-t-15\"><small>Dr.<\/small> Sidney Konigsberg <small><\/small><\/p>\n    <p class=\"text-center m-t-0 p-t-0 m-b-15\"><i>Orthodontiste<\/i><\/p>\n\t<p class=\"text-center\"><a itemprop=\"url\" href=\"https:\/\/www.kaortho.com\/fr\/team-member\/sidney-konigsberg\/\" target=\"_self\" class=\"qbutton small default btn-view-team-member\" style=\"\">Voir profil<i class=\"qode_icon_font_awesome fa fa-arrow-right qode_button_icon_element\" style=\"\"><\/i><\/a><\/p>\n<\/div>\n          <\/div>\n\t\t\n          <div class=\"vc_col-sm-6\">\n          \t<div class=\"team-member-listed p-10\">\n  \n\t<div class=\"wpb_single_image wpb_content_element vc_align_center\">\n\t\t<div class=\"wpb_wrapper\">\n\t\t\t<div class=\"vc_single_image-wrapper vc_box_shadow_border_circle vc_box_border_grey\">\n\t\t\t\t<img decoding=\"async\" src=\"https:\/\/www.kaortho.com\/wp-content\/uploads\/2017\/10\/Dr_Jermie_Abikhzer_KAORTHO_Orthodontics-wpcf_200x200.jpg\">\n\t\t\t<\/div>\n      \t<\/div>\n\t<\/div>\n  \n  \t<p class=\"text-center h2 m-0 p-0 m-t-15\"><small>Dr.<\/small> Jeremie Abikhzer <small><\/small><\/p>\n    <p class=\"text-center m-t-0 p-t-0 m-b-15\"><i>Orthodontiste<\/i><\/p>\n\t<p class=\"text-center\"><a itemprop=\"url\" href=\"https:\/\/www.kaortho.com\/fr\/team-member\/jeremie-abikhzer\/\" target=\"_self\" class=\"qbutton small default btn-view-team-member\" style=\"\">Voir profil<i class=\"qode_icon_font_awesome fa fa-arrow-right qode_button_icon_element\" style=\"\"><\/i><\/a><\/p>\n<\/div>\n          <\/div>\n\t\t\n          <div class=\"vc_col-sm-6\">\n          \t<div class=\"team-member-listed p-10\">\n  \n\t<div class=\"wpb_single_image wpb_content_element vc_align_center\">\n\t\t<div class=\"wpb_wrapper\">\n\t\t\t<div class=\"vc_single_image-wrapper vc_box_shadow_border_circle vc_box_border_grey\">\n\t\t\t\t<img decoding=\"async\" src=\"https:\/\/www.kaortho.com\/wp-content\/uploads\/2024\/12\/4d1f0833-9b84-4de5-a3f8-b2a6bb15a3c2-e1734796142562-wpcf_200x200.jpg\">\n\t\t\t<\/div>\n      \t<\/div>\n\t<\/div>\n  \n  \t<p class=\"text-center h2 m-0 p-0 m-t-15\"><small>Dre.<\/small> Genevieve Gadbois <small><\/small><\/p>\n    <p class=\"text-center m-t-0 p-t-0 m-b-15\"><i>Orthodontiste<\/i><\/p>\n\t<p class=\"text-center\"><a itemprop=\"url\" href=\"https:\/\/www.kaortho.com\/fr\/team-member\/genevieve-gadbois\/\" target=\"_self\" class=\"qbutton small default btn-view-team-member\" style=\"\">Voir profil<i class=\"qode_icon_font_awesome fa fa-arrow-right qode_button_icon_element\" style=\"\"><\/i><\/a><\/p>\n<\/div>\n          <\/div>\n\t\t\n<\/div>\n\t\n\t\n\t\n<\/div>\n[\/vc_column_text][\/vc_column][\/vc_row][vc_row css_animation=\u00a0\u00bb\u00a0\u00bb row_type=\u00a0\u00bbrow\u00a0\u00bb use_row_as_full_screen_section=\u00a0\u00bbno\u00a0\u00bb type=\u00a0\u00bbfull_width\u00a0\u00bb angled_section=\u00a0\u00bbno\u00a0\u00bb text_align=\u00a0\u00bbleft\u00a0\u00bb background_image_as_pattern=\u00a0\u00bbwithout_pattern\u00a0\u00bb][vc_column][vc_gmaps link=\u00a0\u00bb#E-8_JTNDaWZyYW1lJTIwc3JjJTNEJTIyaHR0cHMlM0ElMkYlMkZ3d3cuZ29vZ2xlLmNvbSUyRm1hcHMlMkZlbWJlZCUzRnBiJTNEJTIxMW0xNCUyMTFtOCUyMTFtMyUyMTFkMTExODUuOTQ2MDcxOTU4MzklMjEyZC03My42MzAxMjQlMjEzZDQ1LjUwMDI4NCUyMTNtMiUyMTFpMTAyNCUyMTJpNzY4JTIxNGYxMy4xJTIxM20zJTIxMW0yJTIxMXMweDAlMjUzQTB4NzU3ZDVmZmVkYmRmMGViZiUyMTJzS29uaWdzYmVyZyUyQkFiaWtoemVyJTJCT3J0aG9kb250aWNzJTIxNWUwJTIxM20yJTIxMXNlbiUyMTJzY2ElMjE0djE1MTMzMDg2MzU0MzMlMjIlMjB3aWR0aCUzRCUyMjYwMCUyMiUyMGhlaWdodCUzRCUyMjQ1MCUyMiUyMGZyYW1lYm9yZGVyJTNEJTIyMCUyMiUyMHN0eWxlJTNEJTIyYm9yZGVyJTNBMCUyMiUyMGFsbG93ZnVsbHNjcmVlbiUzRSUzQyUyRmlmcmFtZSUzRQ==\u00a0\u00bb size=\u00a0\u00bb300&Prime; css_animation=\u00a0\u00bbfadeIn\u00a0\u00bb][\/vc_column][\/vc_row]<\/p>\n<\/div>","protected":false},"excerpt":{"rendered":"Notre mission est d'offrir des traitements d'orthodontie de qualit\u00e9 exceptionnelle, dans un environnement chaleureux et convivial pour tous les membres de la famille. Notre \u00e9quipe s'est donn\u00e9e comme mission d'offrir des traitements d'orthodontie de qualit\u00e9 exceptionnelle, dans un environnement chaleureux et convivial pour tous les...","protected":false},"author":5,"featured_media":0,"parent":0,"menu_order":10,"comment_status":"closed","ping_status":"closed","template":"full_width.php","meta":{"footnotes":""},"class_list":["post-121","page","type-page","status-publish","hentry"],"yoast_head":"<!-- This site is optimized with the Yoast SEO plugin v27.5 - https:\/\/yoast.com\/product\/yoast-seo-wordpress\/ -->\n<title>\u00c0 propos - Konigsberg Abikhzer Orthodontics<\/title>\n<meta name=\"robots\" content=\"index, follow, max-snippet:-1, max-image-preview:large, max-video-preview:-1\" \/>\n<link rel=\"canonical\" href=\"https:\/\/www.kaortho.com\/fr\/a-propos\/\" \/>\n<meta property=\"og:locale\" content=\"fr_FR\" \/>\n<meta property=\"og:type\" content=\"article\" \/>\n<meta property=\"og:title\" content=\"\u00c0 propos - Konigsberg Abikhzer Orthodontics\" \/>\n<meta property=\"og:url\" content=\"https:\/\/www.kaortho.com\/fr\/a-propos\/\" \/>\n<meta property=\"og:site_name\" content=\"Konigsberg Abikhzer Orthodontics\" \/>\n<meta property=\"article:publisher\" content=\"https:\/\/www.facebook.com\/kaortho\" \/>\n<meta property=\"article:modified_time\" content=\"2020-05-26T17:08:08+00:00\" \/>\n<meta name=\"twitter:card\" content=\"summary_large_image\" \/>\n<meta name=\"twitter:label1\" content=\"Dur\u00e9e de lecture estim\u00e9e\" \/>\n\t<meta name=\"twitter:data1\" content=\"2 minutes\" \/>\n<script type=\"application\/ld+json\" class=\"yoast-schema-graph\">{\"@context\":\"https:\\\/\\\/schema.org\",\"@graph\":[{\"@type\":\"WebPage\",\"@id\":\"https:\\\/\\\/www.kaortho.com\\\/fr\\\/a-propos\\\/\",\"url\":\"https:\\\/\\\/www.kaortho.com\\\/fr\\\/a-propos\\\/\",\"name\":\"\u00c0 propos - Konigsberg Abikhzer Orthodontics\",\"isPartOf\":{\"@id\":\"https:\\\/\\\/www.kaortho.com\\\/fr\\\/#website\"},\"datePublished\":\"2017-04-14T17:27:18+00:00\",\"dateModified\":\"2020-05-26T17:08:08+00:00\",\"breadcrumb\":{\"@id\":\"https:\\\/\\\/www.kaortho.com\\\/fr\\\/a-propos\\\/#breadcrumb\"},\"inLanguage\":\"fr-FR\",\"potentialAction\":[{\"@type\":\"ReadAction\",\"target\":[\"https:\\\/\\\/www.kaortho.com\\\/fr\\\/a-propos\\\/\"]}]},{\"@type\":\"BreadcrumbList\",\"@id\":\"https:\\\/\\\/www.kaortho.com\\\/fr\\\/a-propos\\\/#breadcrumb\",\"itemListElement\":[{\"@type\":\"ListItem\",\"position\":1,\"name\":\"Home\",\"item\":\"https:\\\/\\\/www.kaortho.com\\\/fr\\\/\"},{\"@type\":\"ListItem\",\"position\":2,\"name\":\"\u00c0 propos\"}]},{\"@type\":\"WebSite\",\"@id\":\"https:\\\/\\\/www.kaortho.com\\\/fr\\\/#website\",\"url\":\"https:\\\/\\\/www.kaortho.com\\\/fr\\\/\",\"name\":\"Konigsberg Abikhzer Orthodontics\",\"description\":\"Braces (Metal\\\/Clear\\\/Ceramic) - Invisalign\u00ae - Broches\",\"publisher\":{\"@id\":\"https:\\\/\\\/www.kaortho.com\\\/fr\\\/#organization\"},\"potentialAction\":[{\"@type\":\"SearchAction\",\"target\":{\"@type\":\"EntryPoint\",\"urlTemplate\":\"https:\\\/\\\/www.kaortho.com\\\/fr\\\/?s={search_term_string}\"},\"query-input\":{\"@type\":\"PropertyValueSpecification\",\"valueRequired\":true,\"valueName\":\"search_term_string\"}}],\"inLanguage\":\"fr-FR\"},{\"@type\":\"Organization\",\"@id\":\"https:\\\/\\\/www.kaortho.com\\\/fr\\\/#organization\",\"name\":\"Konigsberg Abikhzer Orthodontics\",\"url\":\"https:\\\/\\\/www.kaortho.com\\\/fr\\\/\",\"logo\":{\"@type\":\"ImageObject\",\"inLanguage\":\"fr-FR\",\"@id\":\"https:\\\/\\\/www.kaortho.com\\\/fr\\\/#\\\/schema\\\/logo\\\/image\\\/\",\"url\":\"https:\\\/\\\/www.kaortho.com\\\/wp-content\\\/uploads\\\/2020\\\/05\\\/kaortho_logo.png\",\"contentUrl\":\"https:\\\/\\\/www.kaortho.com\\\/wp-content\\\/uploads\\\/2020\\\/05\\\/kaortho_logo.png\",\"width\":519,\"height\":372,\"caption\":\"Konigsberg Abikhzer Orthodontics\"},\"image\":{\"@id\":\"https:\\\/\\\/www.kaortho.com\\\/fr\\\/#\\\/schema\\\/logo\\\/image\\\/\"},\"sameAs\":[\"https:\\\/\\\/www.facebook.com\\\/kaortho\",\"https:\\\/\\\/www.instagram.com\\\/kaortho\"]}]}<\/script>\n<!-- \/ Yoast SEO plugin. -->","yoast_head_json":{"title":"\u00c0 propos - Konigsberg Abikhzer Orthodontics","robots":{"index":"index","follow":"follow","max-snippet":"max-snippet:-1","max-image-preview":"max-image-preview:large","max-video-preview":"max-video-preview:-1"},"canonical":"https:\/\/www.kaortho.com\/fr\/a-propos\/","og_locale":"fr_FR","og_type":"article","og_title":"\u00c0 propos - Konigsberg Abikhzer Orthodontics","og_url":"https:\/\/www.kaortho.com\/fr\/a-propos\/","og_site_name":"Konigsberg Abikhzer Orthodontics","article_publisher":"https:\/\/www.facebook.com\/kaortho","article_modified_time":"2020-05-26T17:08:08+00:00","twitter_card":"summary_large_image","twitter_misc":{"Dur\u00e9e de lecture estim\u00e9e":"2 minutes"},"schema":{"@context":"https:\/\/schema.org","@graph":[{"@type":"WebPage","@id":"https:\/\/www.kaortho.com\/fr\/a-propos\/","url":"https:\/\/www.kaortho.com\/fr\/a-propos\/","name":"\u00c0 propos - Konigsberg Abikhzer Orthodontics","isPartOf":{"@id":"https:\/\/www.kaortho.com\/fr\/#website"},"datePublished":"2017-04-14T17:27:18+00:00","dateModified":"2020-05-26T17:08:08+00:00","breadcrumb":{"@id":"https:\/\/www.kaortho.com\/fr\/a-propos\/#breadcrumb"},"inLanguage":"fr-FR","potentialAction":[{"@type":"ReadAction","target":["https:\/\/www.kaortho.com\/fr\/a-propos\/"]}]},{"@type":"BreadcrumbList","@id":"https:\/\/www.kaortho.com\/fr\/a-propos\/#breadcrumb","itemListElement":[{"@type":"ListItem","position":1,"name":"Home","item":"https:\/\/www.kaortho.com\/fr\/"},{"@type":"ListItem","position":2,"name":"\u00c0 propos"}]},{"@type":"WebSite","@id":"https:\/\/www.kaortho.com\/fr\/#website","url":"https:\/\/www.kaortho.com\/fr\/","name":"Konigsberg Abikhzer Orthodontics","description":"Braces (Metal\/Clear\/Ceramic) - Invisalign\u00ae - Broches","publisher":{"@id":"https:\/\/www.kaortho.com\/fr\/#organization"},"potentialAction":[{"@type":"SearchAction","target":{"@type":"EntryPoint","urlTemplate":"https:\/\/www.kaortho.com\/fr\/?s={search_term_string}"},"query-input":{"@type":"PropertyValueSpecification","valueRequired":true,"valueName":"search_term_string"}}],"inLanguage":"fr-FR"},{"@type":"Organization","@id":"https:\/\/www.kaortho.com\/fr\/#organization","name":"Konigsberg Abikhzer Orthodontics","url":"https:\/\/www.kaortho.com\/fr\/","logo":{"@type":"ImageObject","inLanguage":"fr-FR","@id":"https:\/\/www.kaortho.com\/fr\/#\/schema\/logo\/image\/","url":"https:\/\/www.kaortho.com\/wp-content\/uploads\/2020\/05\/kaortho_logo.png","contentUrl":"https:\/\/www.kaortho.com\/wp-content\/uploads\/2020\/05\/kaortho_logo.png","width":519,"height":372,"caption":"Konigsberg Abikhzer Orthodontics"},"image":{"@id":"https:\/\/www.kaortho.com\/fr\/#\/schema\/logo\/image\/"},"sameAs":["https:\/\/www.facebook.com\/kaortho","https:\/\/www.instagram.com\/kaortho"]}]}},"_links":{"self":[{"href":"https:\/\/www.kaortho.com\/fr\/wp-json\/wp\/v2\/pages\/121","targetHints":{"allow":["GET"]}}],"collection":[{"href":"https:\/\/www.kaortho.com\/fr\/wp-json\/wp\/v2\/pages"}],"about":[{"href":"https:\/\/www.kaortho.com\/fr\/wp-json\/wp\/v2\/types\/page"}],"author":[{"embeddable":true,"href":"https:\/\/www.kaortho.com\/fr\/wp-json\/wp\/v2\/users\/5"}],"replies":[{"embeddable":true,"href":"https:\/\/www.kaortho.com\/fr\/wp-json\/wp\/v2\/comments?post=121"}],"version-history":[{"count":0,"href":"https:\/\/www.kaortho.com\/fr\/wp-json\/wp\/v2\/pages\/121\/revisions"}],"wp:attachment":[{"href":"https:\/\/www.kaortho.com\/fr\/wp-json\/wp\/v2\/media?parent=121"}],"curies":[{"name":"wp","href":"https:\/\/api.w.org\/{rel}","templated":true}]}}