{"id":10738,"date":"2023-10-08T19:07:41","date_gmt":"2023-10-08T19:07:41","guid":{"rendered":"https:\/\/www.kaortho.com\/statement-on-protection-of-personal-information\/"},"modified":"2023-10-08T19:24:48","modified_gmt":"2023-10-08T19:24:48","slug":"enonce-relatif-a-notre-politique-sur-la-protection-des-renseignements-personnels","status":"publish","type":"page","link":"https:\/\/www.kaortho.com\/fr\/enonce-relatif-a-notre-politique-sur-la-protection-des-renseignements-personnels\/","title":{"rendered":"\u00c9nonc\u00e9 relatif \u00e0 notre politique sur la protection des renseignements personnels"},"content":{"rendered":"<div class=\"wpb-content-wrapper\"><p>[vc_row css_animation=\u00a0\u00bb\u00a0\u00bb row_type=\u00a0\u00bbrow\u00a0\u00bb use_row_as_full_screen_section=\u00a0\u00bbno\u00a0\u00bb type=\u00a0\u00bbfull_width\u00a0\u00bb angled_section=\u00a0\u00bbno\u00a0\u00bb text_align=\u00a0\u00bbleft\u00a0\u00bb background_image_as_pattern=\u00a0\u00bbwithout_pattern\u00a0\u00bb css=\u00a0\u00bb.vc_custom_1696792284469{padding-bottom: 50px !important;}\u00a0\u00bb z_index=\u00a0\u00bb\u00a0\u00bb][vc_column][vc_row_inner row_type=\u00a0\u00bbrow\u00a0\u00bb type=\u00a0\u00bbfull_width\u00a0\u00bb text_align=\u00a0\u00bbleft\u00a0\u00bb css_animation=\u00a0\u00bb\u00a0\u00bb][vc_column_inner][vc_column_text]<b>\u00c9NONC\u00c9 RELATIF \u00c0 NOTRE<\/b><br \/>\n<b>POLITIQUE SUR LA PROTECTION DES RENSEIGNEMENTS PERSONNELS<\/b><\/p>\n<p>Pour <b>KA ortho<\/b>, le respect de votre vie priv\u00e9e est primordial. C\u2019est pourquoi nous prenons toutes les mesures n\u00e9cessaires \u00e0 la protection et la confidentialit\u00e9 des renseignements personnels que vous nous confiez.<\/p>\n<p>Que ce soit pour vous servir au quotidien, lorsque que vous profitez de services offerts dans notre centre dentaire, ou encore pour respecter nos obligations l\u00e9gales, nous devons recueillir, utiliser et communiquer certains renseignements personnels.<\/p>\n<p>Les renseignements recueillis nous permettent, d\u2019une part, de vous identifier et de vous servir de mani\u00e8re \u00e0 r\u00e9pondre \u00e0 vos attentes. D\u2019autre part, ils nous permettent de nous conformer \u00e0 diff\u00e9rentes exigences r\u00e9glementaires et l\u00e9gales.<\/p>\n<p>Il est de notre responsabilit\u00e9 de nous assurer que tout renseignement recueilli est trait\u00e9 de fa\u00e7on s\u00e9curitaire.<br \/>\nC\u2019est dans cet esprit que notre Politique sur la protection des renseignements personnels (la \u00ab Politique \u00bb) a \u00e9t\u00e9 con\u00e7ue et qu\u2019elle est appliqu\u00e9e au sein de notre centre dentaire. Le pr\u00e9sent \u00e9nonc\u00e9 vous explique pourquoi et comment, en appliquant les dispositions de notre Politique, nous recueillons, traitons et prot\u00e9geons vos renseignements personnels.<\/p>\n<p>Notre Politique s\u2019appuie sur quatre grands principes :<\/p>\n<ul>\n<li>Votre consentement \u00e0 la collecte, \u00e0 l\u2019utilisation et \u00e0 la communication de vos renseignements personnels par les professionnels exer\u00e7ant dans notre centre dentaire;<\/li>\n<li>Notre engagement \u00e0 ne recueillir que les renseignements personnels n\u00e9cessaires;<\/li>\n<li>Nos responsabilit\u00e9s en mati\u00e8re de s\u00e9curit\u00e9 et de protection de la confidentialit\u00e9 de vos renseignements personnels;<\/li>\n<li>Notre transparence quant \u00e0 nos pratiques et obligations \u00e0 cet \u00e9gard.<\/li>\n<\/ul>\n<p>&nbsp;<\/p>\n<h2>Obtenir votre consentement<\/h2>\n<p><strong>En quoi consiste mon consentement \u00e0 la collecte, \u00e0 l\u2019utilisation et \u00e0 la communication de renseignements personnels \u00e0 mon sujet?<\/strong><\/p>\n<p>En donnant votre consentement, vous autorisez les professionnels traitants et les membres de l\u2019\u00e9quipe clinique \u00e0 collecter, \u00e0 utiliser et \u00e0 communiquer les renseignements personnels \u00e0 votre sujet, afin de vous servir et de respecter leurs obligations l\u00e9gales.<\/p>\n<p>Ce consentement \u00e0 la collecte, \u00e0 l\u2019utilisation et \u00e0 la communication de vos renseignements personnels est n\u00e9cessaire pour vous servir. De mani\u00e8re g\u00e9n\u00e9rale, il demeure valide tant et aussi longtemps que vous \u00eates patient dans notre centre dentaire.<\/p>\n<p><strong>Puis-je retirer mon consentement au traitement de mes renseignements personnels ou refuser de fournir certains renseignements ?<\/strong><\/p>\n<p>Si vous d\u00e9cidez de retirer votre consentement \u00e0 la collecte, \u00e0 l\u2019utilisation et \u00e0 la communication de vos renseignements personnels n\u00e9cessaires pour vous servir et pour respecter nos obligations l\u00e9gales, nous vous transmettrons toute l\u2019information requise pour vous expliquer les r\u00e9percussions d\u2019une telle d\u00e9cision sur notre prestation de services.<\/p>\n<p>Dans certains cas, il ne sera pas possible de retirer ce consentement \u00e0 votre gr\u00e9 en raison d\u2019exigences l\u00e9gales ou contractuelles.<\/p>\n<p>Si vous refusez que nous recueillions certains renseignements personnels, nous pourrions ne pas \u00eatre en mesure de vous fournir les services demand\u00e9s.<\/p>\n<h2>Limiter notre collecte \u00e0 ce qui est n\u00e9cessaire<\/h2>\n<p><b>Quels sont les renseignements personnels recueillis \u00e0 mon sujet ?<\/b><\/p>\n<p>Un renseignement est consid\u00e9r\u00e9 personnel lorsqu\u2019il concerne une personne physique et permet de l\u2019identifier. Ce type de renseignement est confidentiel.<\/p>\n<p>Le type de renseignements personnels que nous sommes susceptibles de recueillir varie selon le type d\u2019interaction avec le client. Ces renseignements peuvent, selon le cas, inclure sans s\u2019y limiter :<\/p>\n<ul>\n<li>Nom et pr\u00e9nom<\/li>\n<li>Date de naissance<\/li>\n<li>Adresse postale<\/li>\n<li>Adresse courriel<\/li>\n<li>Num\u00e9ro de t\u00e9l\u00e9phone<\/li>\n<li>Renseignements de sant\u00e9<\/li>\n<li>Renseignements financiers<\/li>\n<\/ul>\n<p>*Si vous nous fournissez des renseignements sur une autre personne, vous devez vous assurer que vous \u00eates autoris\u00e9 \u00e0 le faire.<\/p>\n<p>Si vous utilisez notre site web, nous pourrions aussi recueillir certains renseignements, comme votre adresse IP, dans le cadre de vos interactions num\u00e9riques. Pour plus d\u2019informations concernant les renseignements recueillis par le biais de notre site web et notre utilisation des fichiers t\u00e9moins (ou \u00ab cookies \u00bb), veuillez consulter notre Politique de confidentialit\u00e9 en ligne.<\/p>\n<p><b>IMPORTANT:<\/b> Nous limitons la collecte de vos renseignements \u00e0 ce qui est n\u00e9cessaire pour nous aider \u00e0 bien vous servir.<\/p>\n<p><b>De quelle fa\u00e7on mes renseignements personnels sont-ils recueillis ?<\/b><\/p>\n<p>Nous recueillons vos renseignements personnels aupr\u00e8s de trois sources :<\/p>\n<ul>\n<li>Lorsque vous d\u00e9sirez obtenir des services offerts dans notre centre dentaire ou que vous communiquez avec nous, quel que soit le moyen de communication que vous utilisez (en personne dans notre centre dentaire, par t\u00e9l\u00e9phone, courriel ou, le cas \u00e9ch\u00e9ant, par clavardage en ligne ou lorsque vous r\u00e9pondez \u00e0 un sondage, etc.).<\/li>\n<li>Lorsque vous utilisez des services offerts dans notre centre dentaire.<\/li>\n<li>Lorsque vous naviguez sur notre site Web ou lorsque vous utilisez nos services en ligne. Ces renseignements peuvent \u00eatre recueillis par le biais de t\u00e9moins \u00ab cookies \u00bb ou directement sur notre site ou applications. Pour plus d\u2019informations, veuillez consulter notre Politique de confidentialit\u00e9 en ligne.<\/li>\n<\/ul>\n<p><strong>Qui a acc\u00e8s \u00e0 mes renseignements personnels ?<\/strong><\/p>\n<p>L\u2019acc\u00e8s \u00e0 vos renseignements est limit\u00e9 aux professionnels et au personnel autoris\u00e9s qui ont besoin d\u2019y acc\u00e9der dans l\u2019exercice de leurs fonctions.<\/p>\n<p>Les professionnels et les \u00e9quipes cliniques s\u2019engagent \u00e0 prot\u00e9ger la confidentialit\u00e9 des renseignements personnels dont ils ont besoin dans le cadre de leurs fonctions. Dans l\u2019\u00e9ventualit\u00e9 o\u00f9 nous devrions communiquer vos renseignements personnels \u00e0 d\u2019autres personnes, nous veillerons \u00e0 vous en informer et \u00e0 vous demander votre consentement, dans les cas o\u00f9 celui-ci serait requis.<\/p>\n<p>Dans tous les cas, nous veillons \u00e0 la mise en place de mesures de s\u00e9curit\u00e9 pour assurer la protection des renseignements personnels que nous communiquons.<\/p>\n<h2>Assurer la s\u00e9curit\u00e9 et la confidentialit\u00e9 de vos renseignements<\/h2>\n<p><b>Mes renseignements personnels sont-ils en s\u00e9curit\u00e9 ?<\/b><\/p>\n<p>Nous appliquons rigoureusement plusieurs mesures de s\u00e9curit\u00e9 organisationnelles, mat\u00e9rielles et techniques, comme la restriction des acc\u00e8s aux dossiers physiques et num\u00e9riques, la surveillance des locaux et des syst\u00e8mes informatiques et la formation du personnel, afin de prot\u00e9ger vos renseignements personnels contre l\u2019acc\u00e8s, l\u2019utilisation et la communication non autoris\u00e9s, ainsi que contre l\u2019alt\u00e9ration, la perte et le vol.<\/p>\n<p><b>Pendant combien de temps mes renseignements personnels sont-ils conserv\u00e9s ?<\/b><\/p>\n<p>Nous ne conservons les renseignements personnels que pour la dur\u00e9e n\u00e9cessaire \u00e0 la r\u00e9alisation des fins pour lesquelles ils ont \u00e9t\u00e9 recueillis ou pour respecter les d\u00e9lais de conservation minimaux prescrits par les lois et r\u00e8glements auxquels nous sommes assujettis. Une fois que le d\u00e9lai de conservation est expir\u00e9, nous nous assurons de d\u00e9truire vos renseignements personnels.<\/p>\n<p><b>Puis-je avoir acc\u00e8s \u00e0 mes renseignements personnels ou en demander la rectification? <\/b><\/p>\n<p>Vous pouvez nous demander d\u2019acc\u00e9der aux renseignements personnels que nous d\u00e9tenons sur vous ou de les rectifier s\u2019ils s\u2019av\u00e9raient inexacts, incomplets ou \u00e9quivoques. Vous pouvez faire de m\u00eame si vous d\u00e9sirez modifier des renseignements que nous d\u00e9tenons sur vous, par exemple \u00e0 la suite d\u2019un changement de votre situation personnelle ou d\u2019un changement d\u2019adresse. Il est de votre responsabilit\u00e9 de communiquer avec la clinique o\u00f9 vous recevez des soins pour les mettre \u00e0 jour.<\/p>\n<p>Pour ce faire, veuillez consulter l\u2019information fournie \u00e0 la section \u00ab Comment nous contacter ? \u00bb.<\/p>\n<p><b>Comment nous contacter?<\/b><\/p>\n<p>Nous vous prions d\u2019adresser toute question ou requ\u00eate concernant le traitement de vos renseignements personnels au gestionnaire de la clinique o\u00f9 vous recevez des soins ou de contacter directement la personne responsable de la protection des renseignements personnels.<\/p>\n<p>La personne responsable de la protection des renseignements personnels et de la vie priv\u00e9e au sein de notre organisation est responsable des pratiques appliqu\u00e9es dans notre centre. Vous pouvez la contacter aux coordonn\u00e9es suivantes: rprp@groupedentaire.com<\/p>\n<p>Le cas \u00e9ch\u00e9ant, veuillez indiquer votre nom et vos coordonn\u00e9es, la nature de votre demande, le nom de et l\u2019adresse de la clinique o\u00f9 vous recevez des soins, le nom de votre professionnel traitant ou de la personne avec qui vous avez d\u00e9j\u00e0 communiqu\u00e9 et toute autre information pertinente.[\/vc_column_text][\/vc_column_inner][\/vc_row_inner][\/vc_column][\/vc_row]<\/p>\n<\/div>","protected":false},"excerpt":{"rendered":"<p>[vc_row css_animation=\u00a0\u00bb\u00a0\u00bb row_type=\u00a0\u00bbrow\u00a0\u00bb use_row_as_full_screen_section=\u00a0\u00bbno\u00a0\u00bb type=\u00a0\u00bbfull_width\u00a0\u00bb angled_section=\u00a0\u00bbno\u00a0\u00bb text_align=\u00a0\u00bbleft\u00a0\u00bb background_image_as_pattern=\u00a0\u00bbwithout_pattern\u00a0\u00bb css=\u00a0\u00bb.vc_custom_1696792284469{padding-bottom: 50px !important;}\u00a0\u00bb z_index=\u00a0\u00bb\u00a0\u00bb][vc_column][vc_row_inner row_type=\u00a0\u00bbrow\u00a0\u00bb type=\u00a0\u00bbfull_width\u00a0\u00bb text_align=\u00a0\u00bbleft\u00a0\u00bb css_animation=\u00a0\u00bb\u00a0\u00bb][vc_column_inner][vc_column_text]\u00c9NONC\u00c9 RELATIF \u00c0 NOTRE POLITIQUE SUR LA PROTECTION DES RENSEIGNEMENTS PERSONNELS Pour KA ortho, le respect de votre vie priv\u00e9e est primordial. C\u2019est pourquoi nous prenons toutes les mesures n\u00e9cessaires&#8230;<\/p>\n","protected":false},"author":5,"featured_media":0,"parent":0,"menu_order":0,"comment_status":"closed","ping_status":"closed","template":"","meta":{"footnotes":""},"class_list":["post-10738","page","type-page","status-publish","hentry"],"yoast_head":"<!-- This site is optimized with the Yoast SEO plugin v27.3 - https:\/\/yoast.com\/product\/yoast-seo-wordpress\/ -->\n<title>\u00c9nonc\u00e9 relatif \u00e0 notre politique sur la protection des renseignements personnels - Konigsberg Abikhzer Orthodontics<\/title>\n<meta name=\"robots\" content=\"index, follow, max-snippet:-1, max-image-preview:large, max-video-preview:-1\" \/>\n<link rel=\"canonical\" href=\"https:\/\/www.kaortho.com\/fr\/enonce-relatif-a-notre-politique-sur-la-protection-des-renseignements-personnels\/\" \/>\n<meta property=\"og:locale\" content=\"fr_FR\" \/>\n<meta property=\"og:type\" content=\"article\" \/>\n<meta property=\"og:title\" content=\"\u00c9nonc\u00e9 relatif \u00e0 notre politique sur la protection des renseignements personnels - Konigsberg Abikhzer Orthodontics\" \/>\n<meta property=\"og:description\" content=\"[vc_row css_animation=\u00a0\u00bb\u00a0\u00bb row_type=\u00a0\u00bbrow\u00a0\u00bb use_row_as_full_screen_section=\u00a0\u00bbno\u00a0\u00bb type=\u00a0\u00bbfull_width\u00a0\u00bb angled_section=\u00a0\u00bbno\u00a0\u00bb text_align=\u00a0\u00bbleft\u00a0\u00bb background_image_as_pattern=\u00a0\u00bbwithout_pattern\u00a0\u00bb css=\u00a0\u00bb.vc_custom_1696792284469{padding-bottom: 50px !important;}\u00a0\u00bb z_index=\u00a0\u00bb\u00a0\u00bb][vc_column][vc_row_inner row_type=\u00a0\u00bbrow\u00a0\u00bb type=\u00a0\u00bbfull_width\u00a0\u00bb text_align=\u00a0\u00bbleft\u00a0\u00bb css_animation=\u00a0\u00bb\u00a0\u00bb][vc_column_inner][vc_column_text]\u00c9NONC\u00c9 RELATIF \u00c0 NOTRE POLITIQUE SUR LA PROTECTION DES RENSEIGNEMENTS PERSONNELS Pour KA ortho, le respect de votre vie priv\u00e9e est primordial. C\u2019est pourquoi nous prenons toutes les mesures n\u00e9cessaires...\" \/>\n<meta property=\"og:url\" content=\"https:\/\/www.kaortho.com\/fr\/enonce-relatif-a-notre-politique-sur-la-protection-des-renseignements-personnels\/\" \/>\n<meta property=\"og:site_name\" content=\"Konigsberg Abikhzer Orthodontics\" \/>\n<meta property=\"article:publisher\" content=\"https:\/\/www.facebook.com\/kaortho\" \/>\n<meta property=\"article:modified_time\" content=\"2023-10-08T19:24:48+00:00\" \/>\n<meta name=\"twitter:card\" content=\"summary_large_image\" \/>\n<meta name=\"twitter:label1\" content=\"Dur\u00e9e de lecture estim\u00e9e\" \/>\n\t<meta name=\"twitter:data1\" content=\"7 minutes\" \/>\n<script type=\"application\/ld+json\" class=\"yoast-schema-graph\">{\"@context\":\"https:\\\/\\\/schema.org\",\"@graph\":[{\"@type\":\"WebPage\",\"@id\":\"https:\\\/\\\/www.kaortho.com\\\/fr\\\/enonce-relatif-a-notre-politique-sur-la-protection-des-renseignements-personnels\\\/\",\"url\":\"https:\\\/\\\/www.kaortho.com\\\/fr\\\/enonce-relatif-a-notre-politique-sur-la-protection-des-renseignements-personnels\\\/\",\"name\":\"\u00c9nonc\u00e9 relatif \u00e0 notre politique sur la protection des renseignements personnels - Konigsberg Abikhzer Orthodontics\",\"isPartOf\":{\"@id\":\"https:\\\/\\\/www.kaortho.com\\\/fr\\\/#website\"},\"datePublished\":\"2023-10-08T19:07:41+00:00\",\"dateModified\":\"2023-10-08T19:24:48+00:00\",\"breadcrumb\":{\"@id\":\"https:\\\/\\\/www.kaortho.com\\\/fr\\\/enonce-relatif-a-notre-politique-sur-la-protection-des-renseignements-personnels\\\/#breadcrumb\"},\"inLanguage\":\"fr-FR\",\"potentialAction\":[{\"@type\":\"ReadAction\",\"target\":[\"https:\\\/\\\/www.kaortho.com\\\/fr\\\/enonce-relatif-a-notre-politique-sur-la-protection-des-renseignements-personnels\\\/\"]}]},{\"@type\":\"BreadcrumbList\",\"@id\":\"https:\\\/\\\/www.kaortho.com\\\/fr\\\/enonce-relatif-a-notre-politique-sur-la-protection-des-renseignements-personnels\\\/#breadcrumb\",\"itemListElement\":[{\"@type\":\"ListItem\",\"position\":1,\"name\":\"Home\",\"item\":\"https:\\\/\\\/www.kaortho.com\\\/fr\\\/\"},{\"@type\":\"ListItem\",\"position\":2,\"name\":\"\u00c9nonc\u00e9 relatif \u00e0 notre politique sur la protection des renseignements personnels\"}]},{\"@type\":\"WebSite\",\"@id\":\"https:\\\/\\\/www.kaortho.com\\\/fr\\\/#website\",\"url\":\"https:\\\/\\\/www.kaortho.com\\\/fr\\\/\",\"name\":\"Konigsberg Abikhzer Orthodontics\",\"description\":\"Braces (Metal\\\/Clear\\\/Ceramic) - Invisalign\u00ae - Broches\",\"publisher\":{\"@id\":\"https:\\\/\\\/www.kaortho.com\\\/fr\\\/#organization\"},\"potentialAction\":[{\"@type\":\"SearchAction\",\"target\":{\"@type\":\"EntryPoint\",\"urlTemplate\":\"https:\\\/\\\/www.kaortho.com\\\/fr\\\/?s={search_term_string}\"},\"query-input\":{\"@type\":\"PropertyValueSpecification\",\"valueRequired\":true,\"valueName\":\"search_term_string\"}}],\"inLanguage\":\"fr-FR\"},{\"@type\":\"Organization\",\"@id\":\"https:\\\/\\\/www.kaortho.com\\\/fr\\\/#organization\",\"name\":\"Konigsberg Abikhzer Orthodontics\",\"url\":\"https:\\\/\\\/www.kaortho.com\\\/fr\\\/\",\"logo\":{\"@type\":\"ImageObject\",\"inLanguage\":\"fr-FR\",\"@id\":\"https:\\\/\\\/www.kaortho.com\\\/fr\\\/#\\\/schema\\\/logo\\\/image\\\/\",\"url\":\"https:\\\/\\\/www.kaortho.com\\\/wp-content\\\/uploads\\\/2020\\\/05\\\/kaortho_logo.png\",\"contentUrl\":\"https:\\\/\\\/www.kaortho.com\\\/wp-content\\\/uploads\\\/2020\\\/05\\\/kaortho_logo.png\",\"width\":519,\"height\":372,\"caption\":\"Konigsberg Abikhzer Orthodontics\"},\"image\":{\"@id\":\"https:\\\/\\\/www.kaortho.com\\\/fr\\\/#\\\/schema\\\/logo\\\/image\\\/\"},\"sameAs\":[\"https:\\\/\\\/www.facebook.com\\\/kaortho\",\"https:\\\/\\\/www.instagram.com\\\/kaortho\"]}]}<\/script>\n<!-- \/ Yoast SEO plugin. -->","yoast_head_json":{"title":"\u00c9nonc\u00e9 relatif \u00e0 notre politique sur la protection des renseignements personnels - Konigsberg Abikhzer Orthodontics","robots":{"index":"index","follow":"follow","max-snippet":"max-snippet:-1","max-image-preview":"max-image-preview:large","max-video-preview":"max-video-preview:-1"},"canonical":"https:\/\/www.kaortho.com\/fr\/enonce-relatif-a-notre-politique-sur-la-protection-des-renseignements-personnels\/","og_locale":"fr_FR","og_type":"article","og_title":"\u00c9nonc\u00e9 relatif \u00e0 notre politique sur la protection des renseignements personnels - Konigsberg Abikhzer Orthodontics","og_description":"[vc_row css_animation=\u00a0\u00bb\u00a0\u00bb row_type=\u00a0\u00bbrow\u00a0\u00bb use_row_as_full_screen_section=\u00a0\u00bbno\u00a0\u00bb type=\u00a0\u00bbfull_width\u00a0\u00bb angled_section=\u00a0\u00bbno\u00a0\u00bb text_align=\u00a0\u00bbleft\u00a0\u00bb background_image_as_pattern=\u00a0\u00bbwithout_pattern\u00a0\u00bb css=\u00a0\u00bb.vc_custom_1696792284469{padding-bottom: 50px !important;}\u00a0\u00bb z_index=\u00a0\u00bb\u00a0\u00bb][vc_column][vc_row_inner row_type=\u00a0\u00bbrow\u00a0\u00bb type=\u00a0\u00bbfull_width\u00a0\u00bb text_align=\u00a0\u00bbleft\u00a0\u00bb css_animation=\u00a0\u00bb\u00a0\u00bb][vc_column_inner][vc_column_text]\u00c9NONC\u00c9 RELATIF \u00c0 NOTRE POLITIQUE SUR LA PROTECTION DES RENSEIGNEMENTS PERSONNELS Pour KA ortho, le respect de votre vie priv\u00e9e est primordial. C\u2019est pourquoi nous prenons toutes les mesures n\u00e9cessaires...","og_url":"https:\/\/www.kaortho.com\/fr\/enonce-relatif-a-notre-politique-sur-la-protection-des-renseignements-personnels\/","og_site_name":"Konigsberg Abikhzer Orthodontics","article_publisher":"https:\/\/www.facebook.com\/kaortho","article_modified_time":"2023-10-08T19:24:48+00:00","twitter_card":"summary_large_image","twitter_misc":{"Dur\u00e9e de lecture estim\u00e9e":"7 minutes"},"schema":{"@context":"https:\/\/schema.org","@graph":[{"@type":"WebPage","@id":"https:\/\/www.kaortho.com\/fr\/enonce-relatif-a-notre-politique-sur-la-protection-des-renseignements-personnels\/","url":"https:\/\/www.kaortho.com\/fr\/enonce-relatif-a-notre-politique-sur-la-protection-des-renseignements-personnels\/","name":"\u00c9nonc\u00e9 relatif \u00e0 notre politique sur la protection des renseignements personnels - Konigsberg Abikhzer Orthodontics","isPartOf":{"@id":"https:\/\/www.kaortho.com\/fr\/#website"},"datePublished":"2023-10-08T19:07:41+00:00","dateModified":"2023-10-08T19:24:48+00:00","breadcrumb":{"@id":"https:\/\/www.kaortho.com\/fr\/enonce-relatif-a-notre-politique-sur-la-protection-des-renseignements-personnels\/#breadcrumb"},"inLanguage":"fr-FR","potentialAction":[{"@type":"ReadAction","target":["https:\/\/www.kaortho.com\/fr\/enonce-relatif-a-notre-politique-sur-la-protection-des-renseignements-personnels\/"]}]},{"@type":"BreadcrumbList","@id":"https:\/\/www.kaortho.com\/fr\/enonce-relatif-a-notre-politique-sur-la-protection-des-renseignements-personnels\/#breadcrumb","itemListElement":[{"@type":"ListItem","position":1,"name":"Home","item":"https:\/\/www.kaortho.com\/fr\/"},{"@type":"ListItem","position":2,"name":"\u00c9nonc\u00e9 relatif \u00e0 notre politique sur la protection des renseignements personnels"}]},{"@type":"WebSite","@id":"https:\/\/www.kaortho.com\/fr\/#website","url":"https:\/\/www.kaortho.com\/fr\/","name":"Konigsberg Abikhzer Orthodontics","description":"Braces (Metal\/Clear\/Ceramic) - Invisalign\u00ae - Broches","publisher":{"@id":"https:\/\/www.kaortho.com\/fr\/#organization"},"potentialAction":[{"@type":"SearchAction","target":{"@type":"EntryPoint","urlTemplate":"https:\/\/www.kaortho.com\/fr\/?s={search_term_string}"},"query-input":{"@type":"PropertyValueSpecification","valueRequired":true,"valueName":"search_term_string"}}],"inLanguage":"fr-FR"},{"@type":"Organization","@id":"https:\/\/www.kaortho.com\/fr\/#organization","name":"Konigsberg Abikhzer Orthodontics","url":"https:\/\/www.kaortho.com\/fr\/","logo":{"@type":"ImageObject","inLanguage":"fr-FR","@id":"https:\/\/www.kaortho.com\/fr\/#\/schema\/logo\/image\/","url":"https:\/\/www.kaortho.com\/wp-content\/uploads\/2020\/05\/kaortho_logo.png","contentUrl":"https:\/\/www.kaortho.com\/wp-content\/uploads\/2020\/05\/kaortho_logo.png","width":519,"height":372,"caption":"Konigsberg Abikhzer Orthodontics"},"image":{"@id":"https:\/\/www.kaortho.com\/fr\/#\/schema\/logo\/image\/"},"sameAs":["https:\/\/www.facebook.com\/kaortho","https:\/\/www.instagram.com\/kaortho"]}]}},"_links":{"self":[{"href":"https:\/\/www.kaortho.com\/fr\/wp-json\/wp\/v2\/pages\/10738","targetHints":{"allow":["GET"]}}],"collection":[{"href":"https:\/\/www.kaortho.com\/fr\/wp-json\/wp\/v2\/pages"}],"about":[{"href":"https:\/\/www.kaortho.com\/fr\/wp-json\/wp\/v2\/types\/page"}],"author":[{"embeddable":true,"href":"https:\/\/www.kaortho.com\/fr\/wp-json\/wp\/v2\/users\/5"}],"replies":[{"embeddable":true,"href":"https:\/\/www.kaortho.com\/fr\/wp-json\/wp\/v2\/comments?post=10738"}],"version-history":[{"count":0,"href":"https:\/\/www.kaortho.com\/fr\/wp-json\/wp\/v2\/pages\/10738\/revisions"}],"wp:attachment":[{"href":"https:\/\/www.kaortho.com\/fr\/wp-json\/wp\/v2\/media?parent=10738"}],"curies":[{"name":"wp","href":"https:\/\/api.w.org\/{rel}","templated":true}]}}